{"id":30944,"date":"2026-05-13T14:44:44","date_gmt":"2026-05-13T12:44:44","guid":{"rendered":"https:\/\/www.koreanskin.ch\/ez-gel-at-korean-skin\/"},"modified":"2026-05-13T15:18:45","modified_gmt":"2026-05-13T13:18:45","slug":"ez-gel-chez-korean-skin","status":"publish","type":"page","link":"https:\/\/www.koreanskin.ch\/fr\/ez-gel-chez-korean-skin\/","title":{"rendered":"EZ Gel chez Korean Skin"},"content":{"rendered":"<p style=\"text-align: center;\"><img loading=\"lazy\" decoding=\"async\" class=\"aligncenter wp-image-28913\" src=\"https:\/\/www.koreanskin.ch\/wp-content\/uploads\/2024\/04\/Logo_korean-skin-01.png\" alt=\"\" width=\"214\" height=\"145\" srcset=\"https:\/\/www.koreanskin.ch\/wp-content\/uploads\/2024\/04\/Logo_korean-skin-01.png 1094w, https:\/\/www.koreanskin.ch\/wp-content\/uploads\/2024\/04\/Logo_korean-skin-01-300x204.png 300w, https:\/\/www.koreanskin.ch\/wp-content\/uploads\/2024\/04\/Logo_korean-skin-01-1024x696.png 1024w, https:\/\/www.koreanskin.ch\/wp-content\/uploads\/2024\/04\/Logo_korean-skin-01-768x522.png 768w\" sizes=\"auto, (max-width: 214px) 100vw, 214px\" \/><\/p>\n<p>Chez Korean Skin, nous proposons l&rsquo;EZ GEL PRF, un traitement esth\u00e9tique r\u00e9g\u00e9n\u00e9rateur avanc\u00e9 con\u00e7u pour restaurer naturellement le volume, am\u00e9liorer la texture de la peau et stimuler la production de collag\u00e8ne gr\u00e2ce aux propres facteurs de croissance de votre organisme.<\/p>\n<p>L&rsquo;EZ GEL est souvent consid\u00e9r\u00e9 comme une alternative naturelle aux fillers traditionnels. Contrairement aux injectables synth\u00e9tiques, ce traitement est enti\u00e8rement \u00e9labor\u00e9 \u00e0 partir de votre propre sang gr\u00e2ce \u00e0 la technologie PRP (Plasma Riche en Fibrine), ce qui en fait un traitement pleinement biocompatible et r\u00e9g\u00e9n\u00e9rateur.<\/p>\n<h2 style=\"text-align: center;\">L&rsquo;EZ Gel contient :<\/h2>\n<p style=\"text-align: center;\">Facteurs de croissance<\/p>\n<p style=\"text-align: center;\">Plaquettes<\/p>\n<p style=\"text-align: center;\">Matrice de fibrine<\/p>\n<p style=\"text-align: center;\">Cellules r\u00e9g\u00e9n\u00e9ratrices<\/p>\n<p style=\"text-align: center;\">Le plasma est ensuite d\u00e9licatement chauff\u00e9 puis refroidi afin d&rsquo;obtenir une consistance lisse et g\u00e9lifi\u00e9e connue sous le nom d&rsquo;EZ GEL. Une fois inject\u00e9, le traitement agit \u00e0 la fois comme :<\/p>\n<p style=\"text-align: center;\"><strong>Un filler volumisant naturel<\/strong><\/p>\n<p style=\"text-align: center;\"><strong>Un stimulateur r\u00e9g\u00e9n\u00e9rateur de collag\u00e8ne<\/strong><strong>\u00a0<\/strong><\/p>\n<p style=\"text-align: center;\">Contrairement aux fillers classiques, l&rsquo;EZ GEL stimule progressivement la r\u00e9g\u00e9n\u00e9ration tissulaire et la production de collag\u00e8ne dans le temps, tout en favorisant un rajeunissement cutan\u00e9 naturel.<\/p>\n<h2 style=\"text-align: center;\">L&rsquo;EZ GEL PRF est id\u00e9al pour traiter :<\/h2>\n<p style=\"text-align: center;\">Creux sous les yeux<br \/>\nCernes<br \/>\nRides et ridules<br \/>\nPerte de volume du visage<br \/>\nPeau cr\u00eapel\u00e9e<br \/>\nRel\u00e2chement cutan\u00e9<br \/>\nPeau terne et fatigu\u00e9e<br \/>\nSillons nasog\u00e9niens<br \/>\nCicatrices d&rsquo;acn\u00e9<br \/>\nIrr\u00e9gularit\u00e9s de texture de la peau<\/p>\n","protected":false},"excerpt":{"rendered":"<p>Chez Korean Skin, nous proposons l&rsquo;EZ GEL PRF, un traitement esth\u00e9tique r\u00e9g\u00e9n\u00e9rateur avanc\u00e9 con\u00e7u pour restaurer naturellement le volume, am\u00e9liorer la texture de la peau et stimuler la production de collag\u00e8ne gr\u00e2ce aux propres facteurs de croissance de votre organisme. L&rsquo;EZ GEL est souvent consid\u00e9r\u00e9 comme une alternative naturelle aux fillers traditionnels. Contrairement aux injectables [&hellip;]<\/p>\n","protected":false},"author":1,"featured_media":30922,"parent":0,"menu_order":27,"comment_status":"closed","ping_status":"closed","template":"","meta":{"_acf_changed":false,"footnotes":""},"class_list":["post-30944","page","type-page","status-publish","has-post-thumbnail","hentry"],"acf":[],"_links":{"self":[{"href":"https:\/\/www.koreanskin.ch\/fr\/wp-json\/wp\/v2\/pages\/30944","targetHints":{"allow":["GET"]}}],"collection":[{"href":"https:\/\/www.koreanskin.ch\/fr\/wp-json\/wp\/v2\/pages"}],"about":[{"href":"https:\/\/www.koreanskin.ch\/fr\/wp-json\/wp\/v2\/types\/page"}],"author":[{"embeddable":true,"href":"https:\/\/www.koreanskin.ch\/fr\/wp-json\/wp\/v2\/users\/1"}],"replies":[{"embeddable":true,"href":"https:\/\/www.koreanskin.ch\/fr\/wp-json\/wp\/v2\/comments?post=30944"}],"version-history":[{"count":3,"href":"https:\/\/www.koreanskin.ch\/fr\/wp-json\/wp\/v2\/pages\/30944\/revisions"}],"predecessor-version":[{"id":30950,"href":"https:\/\/www.koreanskin.ch\/fr\/wp-json\/wp\/v2\/pages\/30944\/revisions\/30950"}],"wp:featuredmedia":[{"embeddable":true,"href":"https:\/\/www.koreanskin.ch\/fr\/wp-json\/wp\/v2\/media\/30922"}],"wp:attachment":[{"href":"https:\/\/www.koreanskin.ch\/fr\/wp-json\/wp\/v2\/media?parent=30944"}],"curies":[{"name":"wp","href":"https:\/\/api.w.org\/{rel}","templated":true}]}}