{"id":30547,"date":"2025-01-22T14:29:00","date_gmt":"2025-01-22T13:29:00","guid":{"rendered":"https:\/\/www.koreanskin.ch\/?page_id=30547"},"modified":"2025-05-21T17:53:46","modified_gmt":"2025-05-21T15:53:46","slug":"radiofrequence-circulaire-coreenne","status":"publish","type":"page","link":"https:\/\/www.koreanskin.ch\/fr\/soins-de-la-peau-lasers\/radiofrequence-circulaire-coreenne\/","title":{"rendered":"Radiofr\u00e9quence circulaire cor\u00e9enne"},"content":{"rendered":"<p>Si vous cherchez \u00e0 raffermir votre peau, traiter des zones sensibles et am\u00e9liorer la texture de votre peau, le Radiofrequency Circle est le traitement id\u00e9al. Il offre un effet lifting naturel et r\u00e9duit les d\u00e9p\u00f4ts graisseux gr\u00e2ce \u00e0 une technologie de radiofr\u00e9quence cibl\u00e9e.<\/p>\n<p><img loading=\"lazy\" decoding=\"async\" class=\"aligncenter wp-image-30575\" src=\"https:\/\/www.koreanskin.ch\/wp-content\/uploads\/2025\/01\/Korean-Radiofrequency-Circle.png\" alt=\"\" width=\"862\" height=\"464\" srcset=\"https:\/\/www.koreanskin.ch\/wp-content\/uploads\/2025\/01\/Korean-Radiofrequency-Circle.png 2338w, https:\/\/www.koreanskin.ch\/wp-content\/uploads\/2025\/01\/Korean-Radiofrequency-Circle-300x161.png 300w, https:\/\/www.koreanskin.ch\/wp-content\/uploads\/2025\/01\/Korean-Radiofrequency-Circle-1024x551.png 1024w, https:\/\/www.koreanskin.ch\/wp-content\/uploads\/2025\/01\/Korean-Radiofrequency-Circle-768x413.png 768w, https:\/\/www.koreanskin.ch\/wp-content\/uploads\/2025\/01\/Korean-Radiofrequency-Circle-1536x826.png 1536w, https:\/\/www.koreanskin.ch\/wp-content\/uploads\/2025\/01\/Korean-Radiofrequency-Circle-2048x1102.png 2048w\" sizes=\"auto, (max-width: 862px) 100vw, 862px\" \/><\/p>\n<h3>Technologie<\/h3>\n<p>Le Radiofrequency Circle est une technologie cor\u00e9enne innovante utilisant des ondes de radiofr\u00e9quence monopolaires pour traiter la peau en profondeur. Ce traitement est particuli\u00e8rement efficace pour tonifier et raffermir les zones sensibles du visage et du corps tout en stimulant la production de collag\u00e8ne et d\u2019\u00e9lastine.<\/p>\n<h3>Indications<\/h3>\n<ul>\n<li>Zones sensibles telles que\u202f: contour des yeux, ar\u00eate du nez, cou, etc.<\/li>\n<li>Pr\u00e9paration de la peau avec un pr\u00e9chauffage avant les traitements de rajeunissement RM<\/li>\n<li>Traitements vulvaires chez les femmes<\/li>\n<li>Acn\u00e9 active et cicatrices d&rsquo;acn\u00e9<\/li>\n<\/ul>\n<h3>Avantages<\/h3>\n<ul>\n<li>Raffermissement et tonification de la peau<\/li>\n<li>Am\u00e9lioration de la texture de la peau<\/li>\n<li>R\u00e9duction des rides et ridules<\/li>\n<li>Effet lifting et tonifiant<\/li>\n<li>Non invasif et rapide<\/li>\n<\/ul>\n<h3>Contre-indications<\/h3>\n<ul>\n<li>Grossesse et allaitement<\/li>\n<li>Probl\u00e8mes cardiaques, pacemakers ou autres dispositifs m\u00e9dicaux \u00e9lectroniques<\/li>\n<li>Affections cutan\u00e9es aigu\u00ebs<\/li>\n<li>Maladies auto-immunes ou inflammatoires<\/li>\n<\/ul>\n<h3>Avant le traitement<\/h3>\n<ul>\n<li>\u00c9vitez l&rsquo;exfoliation ou d&rsquo;autres traitements cutan\u00e9s 24 heures avant la s\u00e9ance.<\/li>\n<li>La peau doit \u00eatre propre et sans lotion ni cr\u00e8me avant le traitement.<\/li>\n<\/ul>\n<h3>Proc\u00e9dure<\/h3>\n<ul>\n<li>Aucune cr\u00e8me anesth\u00e9siante n&rsquo;est n\u00e9cessaire. Chaque s\u00e9ance dure environ 45 minutes, en fonction de la zone trait\u00e9e. Les ondes de radiofr\u00e9quence circulaires p\u00e9n\u00e8trent dans la peau, stimulant la production de collag\u00e8ne pour raffermir la peau et r\u00e9duire les tissus graisseux.<\/li>\n<\/ul>\n<h3>Apr\u00e8s le traitement<\/h3>\n<ul>\n<li>Aucun temps de r\u00e9cup\u00e9ration n&rsquo;est n\u00e9cessaire. Les activit\u00e9s normales peuvent \u00eatre reprises imm\u00e9diatement.<\/li>\n<li>Une l\u00e9g\u00e8re rougeur peut appara\u00eetre mais dispara\u00eet g\u00e9n\u00e9ralement en quelques heures.<\/li>\n<\/ul>\n<h3>Complications<\/h3>\n<ul>\n<li>Effets secondaires tr\u00e8s rares tels qu&rsquo;une l\u00e9g\u00e8re rougeur ou une sensation localis\u00e9e de chaleur.<\/li>\n<li>L\u00e9ger gonflement ou sensibilit\u00e9 dans les zones trait\u00e9es, qui dispara\u00eet en quelques heures.<\/li>\n<\/ul>\n","protected":false},"excerpt":{"rendered":"<p>Si vous cherchez \u00e0 raffermir votre peau, traiter des zones sensibles et am\u00e9liorer la texture de votre peau, le Radiofrequency Circle est le traitement id\u00e9al. Il offre un effet lifting naturel et r\u00e9duit les d\u00e9p\u00f4ts graisseux gr\u00e2ce \u00e0 une technologie de radiofr\u00e9quence cibl\u00e9e. Technologie Le Radiofrequency Circle est une technologie cor\u00e9enne innovante utilisant des ondes [&hellip;]<\/p>\n","protected":false},"author":1,"featured_media":30573,"parent":29496,"menu_order":24,"comment_status":"closed","ping_status":"closed","template":"","meta":{"_acf_changed":false,"footnotes":""},"class_list":["post-30547","page","type-page","status-publish","has-post-thumbnail","hentry"],"acf":[],"_links":{"self":[{"href":"https:\/\/www.koreanskin.ch\/fr\/wp-json\/wp\/v2\/pages\/30547","targetHints":{"allow":["GET"]}}],"collection":[{"href":"https:\/\/www.koreanskin.ch\/fr\/wp-json\/wp\/v2\/pages"}],"about":[{"href":"https:\/\/www.koreanskin.ch\/fr\/wp-json\/wp\/v2\/types\/page"}],"author":[{"embeddable":true,"href":"https:\/\/www.koreanskin.ch\/fr\/wp-json\/wp\/v2\/users\/1"}],"replies":[{"embeddable":true,"href":"https:\/\/www.koreanskin.ch\/fr\/wp-json\/wp\/v2\/comments?post=30547"}],"version-history":[{"count":4,"href":"https:\/\/www.koreanskin.ch\/fr\/wp-json\/wp\/v2\/pages\/30547\/revisions"}],"predecessor-version":[{"id":30697,"href":"https:\/\/www.koreanskin.ch\/fr\/wp-json\/wp\/v2\/pages\/30547\/revisions\/30697"}],"up":[{"embeddable":true,"href":"https:\/\/www.koreanskin.ch\/fr\/wp-json\/wp\/v2\/pages\/29496"}],"wp:featuredmedia":[{"embeddable":true,"href":"https:\/\/www.koreanskin.ch\/fr\/wp-json\/wp\/v2\/media\/30573"}],"wp:attachment":[{"href":"https:\/\/www.koreanskin.ch\/fr\/wp-json\/wp\/v2\/media?parent=30547"}],"curies":[{"name":"wp","href":"https:\/\/api.w.org\/{rel}","templated":true}]}}