{"id":30540,"date":"2025-01-22T14:19:55","date_gmt":"2025-01-22T13:19:55","guid":{"rendered":"https:\/\/www.koreanskin.ch\/?page_id=30540"},"modified":"2025-01-22T14:21:59","modified_gmt":"2025-01-22T13:21:59","slug":"laser-a-plasma-coreen","status":"publish","type":"page","link":"https:\/\/www.koreanskin.ch\/fr\/soins-de-la-peau-lasers\/laser-a-plasma-coreen\/","title":{"rendered":"Laser \u00e0 plasma cor\u00e9en"},"content":{"rendered":"<h3>Technologie<\/h3>\n<p>Application d\u2019un champ \u00e9lectrique \u00e0 un gaz (air) pour l\u2019ioniser et cr\u00e9er un certain nombre de mol\u00e9cules r\u00e9actives qui interagissent avec les cellules et induisent divers effets th\u00e9rapeutiques\u202f:<\/p>\n<ul>\n<li>Propri\u00e9t\u00e9s antimicrobiennes<\/li>\n<li>St\u00e9rilisation de la surface de la peau<\/li>\n<li>Stimulation de la synth\u00e8se de collag\u00e8ne<\/li>\n<li>Acc\u00e9l\u00e9ration de la cicatrisation et de la r\u00e9g\u00e9n\u00e9ration cutan\u00e9e<\/li>\n<li>Absorption am\u00e9lior\u00e9e des agents topiques jusqu&rsquo;\u00e0 <strong>566 %<\/strong> (ADN de saumon, exosomes, boosters pour la peau)<\/li>\n<\/ul>\n<p><img loading=\"lazy\" decoding=\"async\" class=\"aligncenter wp-image-30564 \" src=\"https:\/\/www.koreanskin.ch\/wp-content\/uploads\/2025\/01\/ps-cold_plasma_2.png\" alt=\"\" width=\"861\" height=\"384\" srcset=\"https:\/\/www.koreanskin.ch\/wp-content\/uploads\/2025\/01\/ps-cold_plasma_2.png 2760w, https:\/\/www.koreanskin.ch\/wp-content\/uploads\/2025\/01\/ps-cold_plasma_2-300x134.png 300w, https:\/\/www.koreanskin.ch\/wp-content\/uploads\/2025\/01\/ps-cold_plasma_2-1024x457.png 1024w, https:\/\/www.koreanskin.ch\/wp-content\/uploads\/2025\/01\/ps-cold_plasma_2-768x343.png 768w, https:\/\/www.koreanskin.ch\/wp-content\/uploads\/2025\/01\/ps-cold_plasma_2-1536x685.png 1536w, https:\/\/www.koreanskin.ch\/wp-content\/uploads\/2025\/01\/ps-cold_plasma_2-2048x913.png 2048w\" sizes=\"auto, (max-width: 861px) 100vw, 861px\" \/><\/p>\n<p><img loading=\"lazy\" decoding=\"async\" class=\"aligncenter  wp-image-30566\" src=\"https:\/\/www.koreanskin.ch\/wp-content\/uploads\/2025\/01\/ps-cold-plasma.png\" alt=\"\" width=\"861\" height=\"387\" srcset=\"https:\/\/www.koreanskin.ch\/wp-content\/uploads\/2025\/01\/ps-cold-plasma.png 2784w, https:\/\/www.koreanskin.ch\/wp-content\/uploads\/2025\/01\/ps-cold-plasma-300x135.png 300w, https:\/\/www.koreanskin.ch\/wp-content\/uploads\/2025\/01\/ps-cold-plasma-1024x460.png 1024w, https:\/\/www.koreanskin.ch\/wp-content\/uploads\/2025\/01\/ps-cold-plasma-768x345.png 768w, https:\/\/www.koreanskin.ch\/wp-content\/uploads\/2025\/01\/ps-cold-plasma-1536x690.png 1536w, https:\/\/www.koreanskin.ch\/wp-content\/uploads\/2025\/01\/ps-cold-plasma-2048x920.png 2048w\" sizes=\"auto, (max-width: 861px) 100vw, 861px\" \/><\/p>\n<h3>Avantages\u202f:<\/h3>\n<ul>\n<li>Stimulation de la synth\u00e8se de collag\u00e8ne<\/li>\n<li>Rajeunissement et st\u00e9rilisation de la peau<\/li>\n<li>Traitement pr\u00e9cis, adapt\u00e9 aux zones sensibles comme les paupi\u00e8res<\/li>\n<li>R\u00e9duction de l\u2019inflammation et des rougeurs<\/li>\n<li>Acc\u00e9l\u00e9ration du processus de gu\u00e9rison<\/li>\n<\/ul>\n<h3><img loading=\"lazy\" decoding=\"async\" class=\"aligncenter  wp-image-30568\" src=\"https:\/\/www.koreanskin.ch\/wp-content\/uploads\/2025\/01\/ps_indications.png\" alt=\"\" width=\"860\" height=\"379\" srcset=\"https:\/\/www.koreanskin.ch\/wp-content\/uploads\/2025\/01\/ps_indications.png 2765w, https:\/\/www.koreanskin.ch\/wp-content\/uploads\/2025\/01\/ps_indications-300x132.png 300w, https:\/\/www.koreanskin.ch\/wp-content\/uploads\/2025\/01\/ps_indications-1024x452.png 1024w, https:\/\/www.koreanskin.ch\/wp-content\/uploads\/2025\/01\/ps_indications-768x339.png 768w, https:\/\/www.koreanskin.ch\/wp-content\/uploads\/2025\/01\/ps_indications-1536x678.png 1536w, https:\/\/www.koreanskin.ch\/wp-content\/uploads\/2025\/01\/ps_indications-2048x904.png 2048w\" sizes=\"auto, (max-width: 860px) 100vw, 860px\" \/><\/h3>\n<h3>Contre-indications\u202f:<\/h3>\n<ul>\n<li>Grossesse et allaitement<\/li>\n<li>Peau irrit\u00e9e, infect\u00e9e ou pr\u00e9sentant des l\u00e9sions ouvertes<\/li>\n<li>Maladies de peau graves, comme le lupus<\/li>\n<li>Utilisation de m\u00e9dicaments photosensibilisants<\/li>\n<\/ul>\n<h3>Proc\u00e9dure<\/h3>\n<h4>Avant le traitement\u202f:<\/h4>\n<ul>\n<li>La peau doit \u00eatre propre et non irrit\u00e9e.<\/li>\n<li>\u00c9vitez les expositions au soleil ou les s\u00e9ances de bronzage au moins une semaine avant la session.<\/li>\n<\/ul>\n<h4>Pendant le traitement\u202f:<\/h4>\n<ul>\n<li>Pas besoin de cr\u00e8me anesth\u00e9siante. Chaque session dure environ <strong>30 minutes<\/strong> sans aucune douleur. Nous appliquons de l\u2019ADN de saumon, des exosomes et du PRP directement apr\u00e8s la session plasma.<\/li>\n<\/ul>\n<h4>Apr\u00e8s le traitement\u202f:<\/h4>\n<ul>\n<li>Apr\u00e8s la session, la peau peut \u00eatre rouge et l\u00e9g\u00e8rement enfl\u00e9e pendant <strong>1 \u00e0 2 jours<\/strong>, ce qui est normal.<\/li>\n<li>\u00c9vitez l\u2019exposition au soleil et l\u2019utilisation de cr\u00e8mes agressives pendant <strong>1 semaine<\/strong> apr\u00e8s la session.<\/li>\n<\/ul>\n<h3>Complications possibles\u202f:<\/h3>\n<ul>\n<li>Risque de pigmentation temporaire (taches brunes ou blanches) si les recommandations post-traitement ne sont pas respect\u00e9es.<\/li>\n<li>L\u00e9g\u00e8re enflure ou rougeur qui dispara\u00eet g\u00e9n\u00e9ralement en <strong>48 heures<\/strong>.<\/li>\n<\/ul>\n<h3>Conclusion<\/h3>\n<p>Le laser plasma est une solution non invasive qui utilise une \u00e9nergie cibl\u00e9e pour traiter les imperfections cutan\u00e9es, stimuler la r\u00e9g\u00e9n\u00e9ration et am\u00e9liorer la texture de la peau. Cette technologie cor\u00e9enne am\u00e9liore l\u2019absorption des agents topiques jusqu\u2019\u00e0 <strong>566 %<\/strong>.<\/p>\n<h3>Traitements combinables avec le Plasma\u202f:<\/h3>\n<p>Pour des r\u00e9sultats am\u00e9lior\u00e9s, les traitements Plasma peuvent \u00eatre combin\u00e9s avec\u202f:<\/p>\n<ul>\n<li>Radiofr\u00e9quence avec microneedling<\/li>\n<li>Th\u00e9rapie aux exosomes<\/li>\n<li>Th\u00e9rapie PRP (plasma riche en plaquettes)<\/li>\n<li>Boosters de collag\u00e8ne pour la peau (Rejuran)<\/li>\n<\/ul>\n","protected":false},"excerpt":{"rendered":"<p>Technologie Application d\u2019un champ \u00e9lectrique \u00e0 un gaz (air) pour l\u2019ioniser et cr\u00e9er un certain nombre de mol\u00e9cules r\u00e9actives qui interagissent avec les cellules et induisent divers effets th\u00e9rapeutiques\u202f: Propri\u00e9t\u00e9s antimicrobiennes St\u00e9rilisation de la surface de la peau Stimulation de la synth\u00e8se de collag\u00e8ne Acc\u00e9l\u00e9ration de la cicatrisation et de la r\u00e9g\u00e9n\u00e9ration cutan\u00e9e Absorption am\u00e9lior\u00e9e [&hellip;]<\/p>\n","protected":false},"author":1,"featured_media":30562,"parent":29496,"menu_order":24,"comment_status":"closed","ping_status":"closed","template":"","meta":{"_acf_changed":false,"footnotes":""},"class_list":["post-30540","page","type-page","status-publish","has-post-thumbnail","hentry"],"acf":[],"_links":{"self":[{"href":"https:\/\/www.koreanskin.ch\/fr\/wp-json\/wp\/v2\/pages\/30540","targetHints":{"allow":["GET"]}}],"collection":[{"href":"https:\/\/www.koreanskin.ch\/fr\/wp-json\/wp\/v2\/pages"}],"about":[{"href":"https:\/\/www.koreanskin.ch\/fr\/wp-json\/wp\/v2\/types\/page"}],"author":[{"embeddable":true,"href":"https:\/\/www.koreanskin.ch\/fr\/wp-json\/wp\/v2\/users\/1"}],"replies":[{"embeddable":true,"href":"https:\/\/www.koreanskin.ch\/fr\/wp-json\/wp\/v2\/comments?post=30540"}],"version-history":[{"count":3,"href":"https:\/\/www.koreanskin.ch\/fr\/wp-json\/wp\/v2\/pages\/30540\/revisions"}],"predecessor-version":[{"id":30571,"href":"https:\/\/www.koreanskin.ch\/fr\/wp-json\/wp\/v2\/pages\/30540\/revisions\/30571"}],"up":[{"embeddable":true,"href":"https:\/\/www.koreanskin.ch\/fr\/wp-json\/wp\/v2\/pages\/29496"}],"wp:featuredmedia":[{"embeddable":true,"href":"https:\/\/www.koreanskin.ch\/fr\/wp-json\/wp\/v2\/media\/30562"}],"wp:attachment":[{"href":"https:\/\/www.koreanskin.ch\/fr\/wp-json\/wp\/v2\/media?parent=30540"}],"curies":[{"name":"wp","href":"https:\/\/api.w.org\/{rel}","templated":true}]}}