{"id":30384,"date":"2024-09-12T14:36:12","date_gmt":"2024-09-12T12:36:12","guid":{"rendered":"https:\/\/www.koreanskin.ch\/our-top-5-best-seller-treatments-for-a-korean-glass-skin\/"},"modified":"2024-10-15T22:36:08","modified_gmt":"2024-10-15T20:36:08","slug":"nos-5-best-seller-traitements-pour-une-glass-skin-a-la-coreenne","status":"publish","type":"page","link":"https:\/\/www.koreanskin.ch\/fr\/nos-5-best-seller-traitements-pour-une-glass-skin-a-la-coreenne\/","title":{"rendered":"Nos 5 best-seller traitements pour une Glass Skin \u00e0 la cor\u00e9enne"},"content":{"rendered":"<h2>1 \u2013 Hifu Cor\u00e9en<\/h2>\n<p>Exploitez la puissance des ultrasons focalis\u00e9s \u00e0 haute intensit\u00e9 pour lifter et raffermir votre peau, r\u00e9duisant l&rsquo;apparence des rides et ridules pour un teint plus jeune. <a href=\"https:\/\/www.koreanskin.ch\/skin-care-lasers\/korean-hifu\/\">En savoir plus ici<\/a> !<\/p>\n<div style=\"width: 720px;\" class=\"wp-video\"><video class=\"wp-video-shortcode\" id=\"video-30384-1\" width=\"720\" height=\"1280\" preload=\"metadata\" controls=\"controls\"><source type=\"video\/mp4\" src=\"https:\/\/www.koreanskin.ch\/wp-content\/uploads\/2024\/10\/VID_33250508_050858_213.mp4?_=1\" \/><a href=\"https:\/\/www.koreanskin.ch\/wp-content\/uploads\/2024\/10\/VID_33250508_050858_213.mp4\">https:\/\/www.koreanskin.ch\/wp-content\/uploads\/2024\/10\/VID_33250508_050858_213.mp4<\/a><\/video><\/div>\n<h2>2 \u2013 Microneedeling Cor\u00e9en avec Radiofr\u00e9quence et Exosomes<\/h2>\n<p>Ce traitement innovant combine les avantages du microneedling, de la radiofr\u00e9quence et des exosomes pour stimuler la production de collag\u00e8ne, am\u00e9liorer la texture de la peau et renforcer la sant\u00e9 globale de la peau. <a href=\"https:\/\/www.koreanskin.ch\/skin-care-lasers\/korean-microneedling-radiofrequency\/\">En savoir plus ici<\/a> ! <a href=\"https:\/\/www.koreanskin.ch\/skin-care-lasers\/korean-exosomes\/\">Et ici<\/a> !<\/p>\n<div style=\"width: 1080px;\" class=\"wp-video\"><video class=\"wp-video-shortcode\" id=\"video-30384-2\" width=\"1080\" height=\"1920\" preload=\"metadata\" controls=\"controls\"><source type=\"video\/mp4\" src=\"https:\/\/www.koreanskin.ch\/wp-content\/uploads\/2024\/10\/IMG_8919.mp4?_=2\" \/><a href=\"https:\/\/www.koreanskin.ch\/wp-content\/uploads\/2024\/10\/IMG_8919.mp4\">https:\/\/www.koreanskin.ch\/wp-content\/uploads\/2024\/10\/IMG_8919.mp4<\/a><\/video><\/div>\n<div style=\"width: 1080px;\" class=\"wp-video\"><video class=\"wp-video-shortcode\" id=\"video-30384-3\" width=\"1080\" height=\"1920\" preload=\"metadata\" controls=\"controls\"><source type=\"video\/mp4\" src=\"https:\/\/www.koreanskin.ch\/wp-content\/uploads\/2024\/09\/VID_200430507_115400_504.mp4?_=3\" \/><a href=\"https:\/\/www.koreanskin.ch\/wp-content\/uploads\/2024\/09\/VID_200430507_115400_504.mp4\">https:\/\/www.koreanskin.ch\/wp-content\/uploads\/2024\/09\/VID_200430507_115400_504.mp4<\/a><\/video><\/div>\n<h2>3 \u2013 Polynucl\u00e9otide Cor\u00e9en (ADN de Saumon)<\/h2>\n<p>D\u00e9couvrez les propri\u00e9t\u00e9s r\u00e9g\u00e9n\u00e9ratrices du polynucl\u00e9otide extrait de l&rsquo;ADN de saumon, qui favorise la r\u00e9paration et la r\u00e9g\u00e9n\u00e9ration des cellules pour une peau plus ferme et plus lisse. <a href=\"https:\/\/www.koreanskin.ch\/skin-care-lasers\/rejuran-healer\/\">En savoir plus ici<\/a> !<\/p>\n<div style=\"width: 1080px;\" class=\"wp-video\"><video class=\"wp-video-shortcode\" id=\"video-30384-4\" width=\"1080\" height=\"1920\" preload=\"metadata\" controls=\"controls\"><source type=\"video\/mp4\" src=\"https:\/\/www.koreanskin.ch\/wp-content\/uploads\/2024\/08\/VID_108361222_181201_904.mp4?_=4\" \/><a href=\"https:\/\/www.koreanskin.ch\/wp-content\/uploads\/2024\/08\/VID_108361222_181201_904.mp4\">https:\/\/www.koreanskin.ch\/wp-content\/uploads\/2024\/08\/VID_108361222_181201_904.mp4<\/a><\/video><\/div>\n<h2>4 \u2013 Pico Toning cor\u00e9en<\/h2>\n<p>Dites adieu aux taches pigmentaires, cicatrices d&rsquo;acn\u00e9 et teint irr\u00e9gulier avec notre traitement pico toning par pico laser, qui utilise une technologie de laser avanc\u00e9e pour cibler les imperfections de la peau et r\u00e9v\u00e9ler un teint plus \u00e9clatant. <a href=\"https:\/\/www.koreanskin.ch\/skin-care-lasers\/korean-pico-geneva\/\">En savoir plus ici<\/a> !<\/p>\n<div style=\"width: 1080px;\" class=\"wp-video\"><video class=\"wp-video-shortcode\" id=\"video-30384-5\" width=\"1080\" height=\"1920\" preload=\"metadata\" controls=\"controls\"><source type=\"video\/mp4\" src=\"https:\/\/www.koreanskin.ch\/wp-content\/uploads\/2024\/08\/IMG_7585.mp4?_=5\" \/><a href=\"https:\/\/www.koreanskin.ch\/wp-content\/uploads\/2024\/08\/IMG_7585.mp4\">https:\/\/www.koreanskin.ch\/wp-content\/uploads\/2024\/08\/IMG_7585.mp4<\/a><\/video><\/div>\n<h2>5 \u2013 Boost \u00c9nerg\u00e9tique par Perfusion IV<\/h2>\n<p>Revitalisez votre corps de l&rsquo;int\u00e9rieur avec notre perfusion IV boost \u00e9nerg\u00e9tique, enrichie en vitamines, min\u00e9raux et antioxydants essentiels pour am\u00e9liorer vos niveaux d&rsquo;\u00e9nergie, renforcer votre syst\u00e8me immunitaire et am\u00e9liorer votre bien-\u00eatre g\u00e9n\u00e9ral. <a href=\"https:\/\/www.koreanskin.ch\/biohacking-iv-drips\/iv-drip-energy-boost-geneva\/\">En savoir plus ici<\/a> !<\/p>\n<div style=\"width: 720px;\" class=\"wp-video\"><video class=\"wp-video-shortcode\" id=\"video-30384-6\" width=\"720\" height=\"1280\" preload=\"metadata\" controls=\"controls\"><source type=\"video\/mp4\" src=\"https:\/\/www.koreanskin.ch\/wp-content\/uploads\/2024\/10\/VID_33500907_170149_367.mp4?_=6\" \/><a href=\"https:\/\/www.koreanskin.ch\/wp-content\/uploads\/2024\/10\/VID_33500907_170149_367.mp4\">https:\/\/www.koreanskin.ch\/wp-content\/uploads\/2024\/10\/VID_33500907_170149_367.mp4<\/a><\/video><\/div>\n","protected":false},"excerpt":{"rendered":"<p>1 \u2013 Hifu Cor\u00e9en Exploitez la puissance des ultrasons focalis\u00e9s \u00e0 haute intensit\u00e9 pour lifter et raffermir votre peau, r\u00e9duisant l&rsquo;apparence des rides et ridules pour un teint plus jeune. En savoir plus ici ! 2 \u2013 Microneedeling Cor\u00e9en avec Radiofr\u00e9quence et Exosomes Ce traitement innovant combine les avantages du microneedling, de la radiofr\u00e9quence et [&hellip;]<\/p>\n","protected":false},"author":1,"featured_media":30386,"parent":0,"menu_order":22,"comment_status":"closed","ping_status":"closed","template":"","meta":{"_acf_changed":false,"footnotes":""},"class_list":["post-30384","page","type-page","status-publish","has-post-thumbnail","hentry"],"acf":[],"_links":{"self":[{"href":"https:\/\/www.koreanskin.ch\/fr\/wp-json\/wp\/v2\/pages\/30384","targetHints":{"allow":["GET"]}}],"collection":[{"href":"https:\/\/www.koreanskin.ch\/fr\/wp-json\/wp\/v2\/pages"}],"about":[{"href":"https:\/\/www.koreanskin.ch\/fr\/wp-json\/wp\/v2\/types\/page"}],"author":[{"embeddable":true,"href":"https:\/\/www.koreanskin.ch\/fr\/wp-json\/wp\/v2\/users\/1"}],"replies":[{"embeddable":true,"href":"https:\/\/www.koreanskin.ch\/fr\/wp-json\/wp\/v2\/comments?post=30384"}],"version-history":[{"count":5,"href":"https:\/\/www.koreanskin.ch\/fr\/wp-json\/wp\/v2\/pages\/30384\/revisions"}],"predecessor-version":[{"id":30497,"href":"https:\/\/www.koreanskin.ch\/fr\/wp-json\/wp\/v2\/pages\/30384\/revisions\/30497"}],"wp:featuredmedia":[{"embeddable":true,"href":"https:\/\/www.koreanskin.ch\/fr\/wp-json\/wp\/v2\/media\/30386"}],"wp:attachment":[{"href":"https:\/\/www.koreanskin.ch\/fr\/wp-json\/wp\/v2\/media?parent=30384"}],"curies":[{"name":"wp","href":"https:\/\/api.w.org\/{rel}","templated":true}]}}