{"id":30371,"date":"2024-09-12T12:05:30","date_gmt":"2024-09-12T10:05:30","guid":{"rendered":"https:\/\/www.koreanskin.ch\/cosmetiques-coreens-et-americains\/other-korean-cosmetics\/"},"modified":"2025-05-14T19:47:38","modified_gmt":"2025-05-14T17:47:38","slug":"selection-exclusive-best-seller-de-produits-cosmetiques-coreens","status":"publish","type":"page","link":"https:\/\/www.koreanskin.ch\/fr\/cosmetiques-coreens-et-americains\/selection-exclusive-best-seller-de-produits-cosmetiques-coreens\/","title":{"rendered":"D\u00e9couvrez notre s\u00e9lection exclusive des best-seller de produits cosm\u00e9tiques cor\u00e9ens"},"content":{"rendered":"<h2><img loading=\"lazy\" decoding=\"async\" class=\"alignnone wp-image-30665\" src=\"https:\/\/www.koreanskin.ch\/wp-content\/uploads\/2025\/05\/IMG_20250514_144641_342-2-300x300.jpg\" alt=\"\" width=\"795\" height=\"795\" srcset=\"https:\/\/www.koreanskin.ch\/wp-content\/uploads\/2025\/05\/IMG_20250514_144641_342-2-300x300.jpg 300w, https:\/\/www.koreanskin.ch\/wp-content\/uploads\/2025\/05\/IMG_20250514_144641_342-2-1024x1024.jpg 1024w, https:\/\/www.koreanskin.ch\/wp-content\/uploads\/2025\/05\/IMG_20250514_144641_342-2-150x150.jpg 150w, https:\/\/www.koreanskin.ch\/wp-content\/uploads\/2025\/05\/IMG_20250514_144641_342-2-768x768.jpg 768w, https:\/\/www.koreanskin.ch\/wp-content\/uploads\/2025\/05\/IMG_20250514_144641_342-2.jpg 1074w\" sizes=\"auto, (max-width: 795px) 100vw, 795px\" \/><\/h2>\n<h2><img loading=\"lazy\" decoding=\"async\" class=\"alignnone wp-image-30667\" src=\"https:\/\/www.koreanskin.ch\/wp-content\/uploads\/2025\/05\/Screenshot_20250514_145818_Instagram-1-300x287.jpg\" alt=\"\" width=\"794\" height=\"760\" srcset=\"https:\/\/www.koreanskin.ch\/wp-content\/uploads\/2025\/05\/Screenshot_20250514_145818_Instagram-1-300x287.jpg 300w, https:\/\/www.koreanskin.ch\/wp-content\/uploads\/2025\/05\/Screenshot_20250514_145818_Instagram-1-1024x980.jpg 1024w, https:\/\/www.koreanskin.ch\/wp-content\/uploads\/2025\/05\/Screenshot_20250514_145818_Instagram-1-768x735.jpg 768w, https:\/\/www.koreanskin.ch\/wp-content\/uploads\/2025\/05\/Screenshot_20250514_145818_Instagram-1.jpg 1080w\" sizes=\"auto, (max-width: 794px) 100vw, 794px\" \/><\/h2>\n<h2><img loading=\"lazy\" decoding=\"async\" class=\"alignnone wp-image-30673\" src=\"https:\/\/www.koreanskin.ch\/wp-content\/uploads\/2025\/05\/GridArt_20250514_144033139-300x300.jpg\" alt=\"\" width=\"720\" height=\"720\" srcset=\"https:\/\/www.koreanskin.ch\/wp-content\/uploads\/2025\/05\/GridArt_20250514_144033139-300x300.jpg 300w, https:\/\/www.koreanskin.ch\/wp-content\/uploads\/2025\/05\/GridArt_20250514_144033139-1024x1024.jpg 1024w, https:\/\/www.koreanskin.ch\/wp-content\/uploads\/2025\/05\/GridArt_20250514_144033139-150x150.jpg 150w, https:\/\/www.koreanskin.ch\/wp-content\/uploads\/2025\/05\/GridArt_20250514_144033139-768x768.jpg 768w, https:\/\/www.koreanskin.ch\/wp-content\/uploads\/2025\/05\/GridArt_20250514_144033139-1536x1536.jpg 1536w, https:\/\/www.koreanskin.ch\/wp-content\/uploads\/2025\/05\/GridArt_20250514_144033139-2048x2048.jpg 2048w\" sizes=\"auto, (max-width: 720px) 100vw, 720px\" \/><\/h2>\n","protected":false},"excerpt":{"rendered":"","protected":false},"author":1,"featured_media":30375,"parent":29485,"menu_order":21,"comment_status":"closed","ping_status":"closed","template":"","meta":{"_acf_changed":false,"footnotes":""},"class_list":["post-30371","page","type-page","status-publish","has-post-thumbnail","hentry"],"acf":[],"_links":{"self":[{"href":"https:\/\/www.koreanskin.ch\/fr\/wp-json\/wp\/v2\/pages\/30371","targetHints":{"allow":["GET"]}}],"collection":[{"href":"https:\/\/www.koreanskin.ch\/fr\/wp-json\/wp\/v2\/pages"}],"about":[{"href":"https:\/\/www.koreanskin.ch\/fr\/wp-json\/wp\/v2\/types\/page"}],"author":[{"embeddable":true,"href":"https:\/\/www.koreanskin.ch\/fr\/wp-json\/wp\/v2\/users\/1"}],"replies":[{"embeddable":true,"href":"https:\/\/www.koreanskin.ch\/fr\/wp-json\/wp\/v2\/comments?post=30371"}],"version-history":[{"count":11,"href":"https:\/\/www.koreanskin.ch\/fr\/wp-json\/wp\/v2\/pages\/30371\/revisions"}],"predecessor-version":[{"id":30679,"href":"https:\/\/www.koreanskin.ch\/fr\/wp-json\/wp\/v2\/pages\/30371\/revisions\/30679"}],"up":[{"embeddable":true,"href":"https:\/\/www.koreanskin.ch\/fr\/wp-json\/wp\/v2\/pages\/29485"}],"wp:featuredmedia":[{"embeddable":true,"href":"https:\/\/www.koreanskin.ch\/fr\/wp-json\/wp\/v2\/media\/30375"}],"wp:attachment":[{"href":"https:\/\/www.koreanskin.ch\/fr\/wp-json\/wp\/v2\/media?parent=30371"}],"curies":[{"name":"wp","href":"https:\/\/api.w.org\/{rel}","templated":true}]}}