{"id":30073,"date":"2024-06-18T11:01:43","date_gmt":"2024-06-18T09:01:43","guid":{"rendered":"https:\/\/www.koreanskin.ch\/postop-scar-program\/"},"modified":"2024-08-28T22:35:10","modified_gmt":"2024-08-28T20:35:10","slug":"programme-cicatrices-postoperatoires","status":"publish","type":"page","link":"https:\/\/www.koreanskin.ch\/fr\/programme-cicatrices-postoperatoires\/","title":{"rendered":"Programme Cicatrices Postop\u00e9ratoires"},"content":{"rendered":"<p>Transformez votre peau et r\u00e9duisez les cicatrices postop\u00e9ratoires avec le programme avanc\u00e9 de traitement des cicatrices postop\u00e9ratoires chez Korean Skin. Con\u00e7u pour minimiser l&rsquo;apparence des cicatrices dues aux chirurgies ou aux blessures, notre programme combine des technologies de pointe avec des soins personnalis\u00e9s. Notre \u00e9quipe d&rsquo;experts garantit des traitements efficaces qui favorisent la gu\u00e9rison et le rajeunissement, vous offrant une peau plus lisse et plus claire.<\/p>\n<h2>Nous offrons les services suivants :<\/h2>\n<h3><a href=\"https:\/\/www.koreanskin.ch\/fr\/soins-de-la-peau-lasers\/microneedeling-radiofrequence\/\">Microneedling Radio Fr\u00e9quence<\/a><\/h3>\n<p>Am\u00e9liorez la texture de votre peau et r\u00e9duisez les cicatrices avec le microneedling \u00e0 radiofr\u00e9quence. Ce traitement stimule la production de collag\u00e8ne, am\u00e9liorant la r\u00e9silience et l&rsquo;apparence de la peau.<\/p>\n<h3><a href=\"https:\/\/www.koreanskin.ch\/fr\/soins-de-la-peau-lasers\/korean-exosomes\/\">Exosomes<\/a><\/h3>\n<p>Acc\u00e9l\u00e9rez la gu\u00e9rison et la r\u00e9g\u00e9n\u00e9ration avec la th\u00e9rapie aux exosomes. Ces puissants messagers cellulaires am\u00e9liorent les processus naturels de r\u00e9paration de la peau, r\u00e9duisant la visibilit\u00e9 des cicatrices et favorisant un teint sain.<\/p>\n<h3><a href=\"https:\/\/www.koreanskin.ch\/fr\/soins-de-la-peau-lasers\/korean-fractionnal-laser-co2\/\">Laser fractionn\u00e9 CO2<\/a><\/h3>\n<p>Ciblez les cicatrices profondes avec le laser fractionnel CO2. Ce traitement laser avanc\u00e9 resurfa\u00e7e la peau, encourageant la croissance de nouveau collag\u00e8ne et r\u00e9duisant significativement l&rsquo;apparence des cicatrices.<\/p>\n<h3><a href=\"https:\/\/www.koreanskin.ch\/fr\/soins-de-la-peau-lasers\/technologie-coreenne-pico-geneve\/\">Traitement PICO Laser \u00a0Cor\u00e9en<\/a><\/h3>\n<p>Traitez et diminuez efficacement les cicatrices avec le laser PICO cor\u00e9en. Cette technologie laser pr\u00e9cise d\u00e9compose le tissu cicatriciel, favorisant une texture de peau plus lisse et uniforme.<\/p>\n<h3><a href=\"https:\/\/www.koreanskin.ch\/fr\/soins-de-la-peau-lasers\/therapie-led-multimodale\/\">Th\u00e9rapie LED Multimodale<\/a><\/h3>\n<p>Boostez la gu\u00e9rison de la peau et r\u00e9duisez l&rsquo;inflammation avec la th\u00e9rapie LED multimodale. Diff\u00e9rentes longueurs d&rsquo;onde de lumi\u00e8re travaillent ensemble pour am\u00e9liorer la sant\u00e9 de la peau et r\u00e9duire l&rsquo;apparence des cicatrices.<\/p>\n<h3><a href=\"https:\/\/www.koreanskin.ch\/fr\/soins-de-la-peau-lasers\/rejuran-healer\/\">Rejuran<\/a><\/h3>\n<p>Revitalisez votre peau avec Rejuran. Ce traitement utilise des polynucl\u00e9otides pour am\u00e9liorer la r\u00e9g\u00e9n\u00e9ration de la peau, am\u00e9liorant la texture et r\u00e9duisant les cicatrices.<\/p>\n<h3><a href=\"https:\/\/www.koreanskin.ch\/fr\/soins-de-la-peau-lasers\/juvelook\/\">JuveLook<\/a><\/h3>\n<p>D\u00e9couvrez les effets rajeunissants de JuveLook. Ce booster de peau super cor\u00e9en infuse des nutriments essentiels, favorisant la gu\u00e9rison et r\u00e9duisant la visibilit\u00e9 des cicatrices.<\/p>\n<h3><a href=\"https:\/\/www.koreanskin.ch\/fr\/medecine-et-chirurgie-esthetiques-geneve\/cellules-souches\/\">Cellules Souches<\/a><\/h3>\n<p>Exploitez le pouvoir des cellules souches pour une r\u00e9paration avanc\u00e9e de la peau. Ce traitement de pointe acc\u00e9l\u00e8re la r\u00e9g\u00e9n\u00e9ration, r\u00e9duisant les cicatrices et am\u00e9liorant la qualit\u00e9 globale de la peau.<\/p>\n<p>D\u00e9couvrez les bienfaits transformateurs de notre programme de traitement des cicatrices postop\u00e9ratoires et faites le premier pas vers une peau plus lisse et plus claire.<\/p>\n<p>&nbsp;<\/p>\n<div style=\"width: 1080px;\" class=\"wp-video\"><video class=\"wp-video-shortcode\" id=\"video-30073-1\" width=\"1080\" height=\"1920\" preload=\"metadata\" controls=\"controls\"><source type=\"video\/mp4\" src=\"https:\/\/www.koreanskin.ch\/wp-content\/uploads\/2024\/08\/VID_108050527_072625_617.mp4?_=1\" \/><a href=\"https:\/\/www.koreanskin.ch\/wp-content\/uploads\/2024\/08\/VID_108050527_072625_617.mp4\">https:\/\/www.koreanskin.ch\/wp-content\/uploads\/2024\/08\/VID_108050527_072625_617.mp4<\/a><\/video><\/div>\n","protected":false},"excerpt":{"rendered":"<p>Transformez votre peau et r\u00e9duisez les cicatrices postop\u00e9ratoires avec le programme avanc\u00e9 de traitement des cicatrices postop\u00e9ratoires chez Korean Skin. Con\u00e7u pour minimiser l&rsquo;apparence des cicatrices dues aux chirurgies ou aux blessures, notre programme combine des technologies de pointe avec des soins personnalis\u00e9s. Notre \u00e9quipe d&rsquo;experts garantit des traitements efficaces qui favorisent la gu\u00e9rison et [&hellip;]<\/p>\n","protected":false},"author":1,"featured_media":30080,"parent":0,"menu_order":17,"comment_status":"closed","ping_status":"closed","template":"","meta":{"_acf_changed":false,"footnotes":""},"class_list":["post-30073","page","type-page","status-publish","has-post-thumbnail","hentry"],"acf":[],"_links":{"self":[{"href":"https:\/\/www.koreanskin.ch\/fr\/wp-json\/wp\/v2\/pages\/30073","targetHints":{"allow":["GET"]}}],"collection":[{"href":"https:\/\/www.koreanskin.ch\/fr\/wp-json\/wp\/v2\/pages"}],"about":[{"href":"https:\/\/www.koreanskin.ch\/fr\/wp-json\/wp\/v2\/types\/page"}],"author":[{"embeddable":true,"href":"https:\/\/www.koreanskin.ch\/fr\/wp-json\/wp\/v2\/users\/1"}],"replies":[{"embeddable":true,"href":"https:\/\/www.koreanskin.ch\/fr\/wp-json\/wp\/v2\/comments?post=30073"}],"version-history":[{"count":1,"href":"https:\/\/www.koreanskin.ch\/fr\/wp-json\/wp\/v2\/pages\/30073\/revisions"}],"predecessor-version":[{"id":30298,"href":"https:\/\/www.koreanskin.ch\/fr\/wp-json\/wp\/v2\/pages\/30073\/revisions\/30298"}],"wp:featuredmedia":[{"embeddable":true,"href":"https:\/\/www.koreanskin.ch\/fr\/wp-json\/wp\/v2\/media\/30080"}],"wp:attachment":[{"href":"https:\/\/www.koreanskin.ch\/fr\/wp-json\/wp\/v2\/media?parent=30073"}],"curies":[{"name":"wp","href":"https:\/\/api.w.org\/{rel}","templated":true}]}}