{"id":30015,"date":"2024-06-17T15:30:49","date_gmt":"2024-06-17T13:30:49","guid":{"rendered":"https:\/\/www.koreanskin.ch\/hair-growth-program\/"},"modified":"2024-06-17T15:35:06","modified_gmt":"2024-06-17T13:35:06","slug":"programme-de-croissance-des-cheveux","status":"publish","type":"page","link":"https:\/\/www.koreanskin.ch\/fr\/programme-de-croissance-des-cheveux\/","title":{"rendered":"Programme de Croissance des Cheveux"},"content":{"rendered":"<p>Obtenez des cheveux plus \u00e9pais et en meilleure sant\u00e9 avec notre programme de croissance des cheveux chez Korean Skin. Con\u00e7u pour ceux qui souffrent de l&rsquo;amincissement ou de la perte des cheveux, nos traitements utilisent les derni\u00e8res technologies m\u00e9dicales pour stimuler la croissance naturelle des cheveux et la r\u00e9g\u00e9n\u00e9ration. Notre \u00e9quipe professionnelle assure une approche personnalis\u00e9e adapt\u00e9e \u00e0 vos besoins sp\u00e9cifiques, offrant des r\u00e9sultats visibles et renfor\u00e7ant votre confiance en vous.<\/p>\n<h2>Nous offrons trois services de pointe\u00a0:<\/h2>\n<h3><a href=\"https:\/\/www.koreanskin.ch\/fr\/soins-de-la-peau-lasers\/korean-exosomes\/\">Exosomes<\/a><\/h3>\n<p>D\u00e9couvrez une r\u00e9g\u00e9n\u00e9ration capillaire rapide avec la th\u00e9rapie aux exosomes. Ces puissants messagers cellulaires am\u00e9liorent la capacit\u00e9 naturelle des follicules pileux \u00e0 se r\u00e9parer et \u00e0 se r\u00e9g\u00e9n\u00e9rer, entra\u00eenant une am\u00e9lioration significative de la densit\u00e9 capillaire.<\/p>\n<h3><a href=\"https:\/\/www.koreanskin.ch\/fr\/soins-de-la-peau-lasers\/plasma-prp-coreen-geneve\/\">Plasma PRP Cor\u00e9en<\/a><\/h3>\n<p>Exploitez la puissance de votre propre corps avec la th\u00e9rapie Plasma PRP Cor\u00e9en (Plasma Riche en Plaquettes). Ce traitement innovant utilise du plasma concentr\u00e9 pour revitaliser les follicules pileux, favorisant une croissance capillaire robuste et saine.<\/p>\n<h3><a href=\"https:\/\/www.koreanskin.ch\/fr\/biohacking-iv-drips\/pousse-des-cheveux-geneve\/\">Perfusions IV pour la Croissance des Cheveux<\/a><\/h3>\n<p>Nourrissez votre cuir chevelu de l&rsquo;int\u00e9rieur avec nos perfusions IV sp\u00e9cialis\u00e9es pour la croissance des cheveux. Remplies de vitamines et de nutriments essentiels, ces perfusions soutiennent une sant\u00e9 capillaire optimale, donnant \u00e0 vos cheveux l&rsquo;\u00e9lan n\u00e9cessaire pour prosp\u00e9rer.<\/p>\n<p>D\u00e9couvrez le pouvoir transformateur de notre programme de croissance des cheveux et faites le premier pas vers une chevelure plus fournie d\u00e8s aujourd&rsquo;hui.<\/p>\n","protected":false},"excerpt":{"rendered":"<p>Obtenez des cheveux plus \u00e9pais et en meilleure sant\u00e9 avec notre programme de croissance des cheveux chez Korean Skin. Con\u00e7u pour ceux qui souffrent de l&rsquo;amincissement ou de la perte des cheveux, nos traitements utilisent les derni\u00e8res technologies m\u00e9dicales pour stimuler la croissance naturelle des cheveux et la r\u00e9g\u00e9n\u00e9ration. Notre \u00e9quipe professionnelle assure une approche [&hellip;]<\/p>\n","protected":false},"author":1,"featured_media":30018,"parent":0,"menu_order":12,"comment_status":"closed","ping_status":"closed","template":"","meta":{"_acf_changed":false,"footnotes":""},"class_list":["post-30015","page","type-page","status-publish","has-post-thumbnail","hentry"],"acf":[],"_links":{"self":[{"href":"https:\/\/www.koreanskin.ch\/fr\/wp-json\/wp\/v2\/pages\/30015","targetHints":{"allow":["GET"]}}],"collection":[{"href":"https:\/\/www.koreanskin.ch\/fr\/wp-json\/wp\/v2\/pages"}],"about":[{"href":"https:\/\/www.koreanskin.ch\/fr\/wp-json\/wp\/v2\/types\/page"}],"author":[{"embeddable":true,"href":"https:\/\/www.koreanskin.ch\/fr\/wp-json\/wp\/v2\/users\/1"}],"replies":[{"embeddable":true,"href":"https:\/\/www.koreanskin.ch\/fr\/wp-json\/wp\/v2\/comments?post=30015"}],"version-history":[{"count":0,"href":"https:\/\/www.koreanskin.ch\/fr\/wp-json\/wp\/v2\/pages\/30015\/revisions"}],"wp:featuredmedia":[{"embeddable":true,"href":"https:\/\/www.koreanskin.ch\/fr\/wp-json\/wp\/v2\/media\/30018"}],"wp:attachment":[{"href":"https:\/\/www.koreanskin.ch\/fr\/wp-json\/wp\/v2\/media?parent=30015"}],"curies":[{"name":"wp","href":"https:\/\/api.w.org\/{rel}","templated":true}]}}