{"id":29833,"date":"2024-04-20T08:54:03","date_gmt":"2024-04-20T06:54:03","guid":{"rendered":"https:\/\/www.koreanskin.ch\/pricing\/"},"modified":"2025-10-30T11:17:57","modified_gmt":"2025-10-30T10:17:57","slug":"tarifs","status":"publish","type":"page","link":"https:\/\/www.koreanskin.ch\/fr\/tarifs\/","title":{"rendered":"Tarifs"},"content":{"rendered":"<div id=\"pl-29833\"  class=\"panel-layout\" ><div id=\"pg-29833-0\"  class=\"panel-grid panel-no-style\" ><div id=\"pgc-29833-0-0\"  class=\"panel-grid-cell\" ><div id=\"panel-29833-0-0-0\" class=\"so-panel widget widget_text panel-first-child\" data-index=\"0\" >\t\t\t<div class=\"textwidget\"><p>D\u00e9couvrez nos services de soins de la peau selon la technologie cor\u00e9enne, avec des tarifs transparents pour r\u00e9pondre \u00e0 vos besoins.<\/p>\n<\/div>\n\t\t<\/div><div id=\"panel-29833-0-0-1\" class=\"so-panel widget widget_text\" data-index=\"1\" ><div class=\"panel-widget-style panel-widget-style-for-29833-0-0-1\" ><h3 class=\"widget-title\">Soins de la peau<\/h3>\t\t\t<div class=\"textwidget\"><ul>\n<li>Consultation peau avec analyse Skinscope 300 CHF<\/li>\n<li>Aquapeel \u00a0Deluxe 400 CHF \/ Aquapeel Glass Skin 240 CHF<\/li>\n<li>DNA salmon injections 700 CHF<\/li>\n<li>Juvelook 700 CHF<\/li>\n<li>PRP 750 \u2013 2000 CHF pour 3 s\u00e9ances<\/li>\n<li>Exosomes 600 CHF &#8211; 1500 CHF pour 3 s\u00e9ances<\/li>\n<li>PRP et exosomes 1200 CHF (cheveux ou face)<\/li>\n<li>Peeling cor\u00e9en LHA 250 CHF par sessions \/ 1000 CHF pour 5 s\u00e9ances<\/li>\n<li>Programme skincare complet (diff\u00e9rents programmes: acn\u00e9, lifting, hyperpigmentation, glass skin, cicatrices postop\u00e9ratoires, post-op\u00e9ratoire) : \u00a0\u00e0 partir de 2000 CHF<\/li>\n<\/ul>\n<\/div>\n\t\t<\/div><\/div><div id=\"panel-29833-0-0-2\" class=\"so-panel widget widget_text\" data-index=\"2\" ><div class=\"panel-widget-style panel-widget-style-for-29833-0-0-2\" ><h3 class=\"widget-title\">Laser<\/h3>\t\t\t<div class=\"textwidget\"><ul>\n<li>Pico (melasma, acn\u00e9, cicatrices postop, pico toning) \u00a0600 CHF par zone<\/li>\n<li>Laser fractionn\u00e9 CO2 600 CHF<\/li>\n<li>Hifu 900 CHF par zone (bas visage et haute du cou, cou, d\u00e9collet\u00e9, contour des yeux)<\/li>\n<li>Radiofr\u00e9quence microneedling 550 CHF<\/li>\n<li>Radiofr\u00e9quence microneedeling avec exosomes 900 CHF<\/li>\n<li>Radiofr\u00e9quence microneedeling avec exosomes et PRP 1600 CHF<\/li>\n<li>Radiofr\u00e9quence microneedeling avec exosomes et DNA salmon 1650 CHF<\/li>\n<li>D\u00e9tatouage (Picoplus Lutronic): petit tatouage ou sourcils 150-250 CHF \/ session &#8211; moyen tatouage 300-400 CHF \/ session &#8211; grand tatouage 400-600 CHF \/ session &#8211; sourcil 290 CHF \/ sessio<\/li>\n<li>Epilation : petite zone 150-250 CHF \/ zone de moyenne taille 300-400 CHF \/ zone grande taille 400-700 CHF \/ session <strong><a href=\"https:\/\/www.koreanskin.ch\/wp-content\/uploads\/2025\/10\/Tarifs_Epilation_Korean_Skin.pdf\" target=\"_blank\" rel=\"noopener\">voir tous les tarifs<\/a><\/strong><\/li>\n<li>L\u00e9sion vasculaire; \u00e0 partir de 300 CHF<\/li>\n<\/ul>\n<\/div>\n\t\t<\/div><\/div><div id=\"panel-29833-0-0-3\" class=\"so-panel widget widget_text\" data-index=\"3\" ><div class=\"panel-widget-style panel-widget-style-for-29833-0-0-3\" ><h3 class=\"widget-title\">M\u00e9decine esth\u00e9tique et chirurgie<\/h3>\t\t\t<div class=\"textwidget\"><p>&nbsp;<\/p>\n<ul>\n<li>Toxine botulique 350 CHF \/ zone, 600 CHF \/ 1 ampoule &#8211; 1100 CHF \/ 2 ampoules<\/li>\n<li>Acide hyaluronique 550 CHF \/ seringue &#8211; 1000 CHF \/ 2 seringues &#8211; 1400 CHF \/ 3 seringues<\/li>\n<li>Hyaluronidase 500 CHF \/ session<\/li>\n<li>Cellules souches: sur devi<\/li>\n<li>Tarif chirurgies: www.drlucasplasticsurgery.ch<\/li>\n<\/ul>\n<\/div>\n\t\t<\/div><\/div><div id=\"panel-29833-0-0-4\" class=\"so-panel widget widget_text panel-last-child\" data-index=\"4\" ><div class=\"panel-widget-style panel-widget-style-for-29833-0-0-4\" ><h3 class=\"widget-title\">Perfusion intraveineuse<\/h3>\t\t\t<div class=\"textwidget\"><ul>\n<li>Eclat de la peau, Vitalit\u00e9 des cheveux, , Boost d&rsquo;\u00e9nergie, Boost d&rsquo;Immunit\u00e9 490 CHF<\/li>\n<li>Gluthation 540 CHF<\/li>\n<li>Autres: Hangover, Jetlag, Ultimate Sport Performance, Anti-Aging, Minceur, Anti-Stress 590 CHF<\/li>\n<\/ul>\n<p><em>Pour toute annulation dans les 48 heures pr\u00e9c\u00e9dant le rendez-vous, des frais de 100 CHF seront factur\u00e9s. Si l\u2019annulation intervient moins de 24 heures avant le rendez-vous pr\u00e9vu, 30% du co\u00fbt du traitement sera factur\u00e9.<\/em><\/p>\n<p>&nbsp;<\/p>\n<\/div>\n\t\t<\/div><\/div><\/div><\/div><\/div>","protected":false},"excerpt":{"rendered":"<p>D\u00e9couvrez nos services de soins de la peau selon la technologie cor\u00e9enne, avec des tarifs transparents pour r\u00e9pondre \u00e0 vos besoins. Consultation peau avec analyse Skinscope 300 CHF Aquapeel \u00a0Deluxe 400 CHF \/ Aquapeel Glass Skin 240 CHF DNA salmon injections 700 CHF Juvelook 700 CHF PRP 750 \u2013 2000 CHF pour 3 s\u00e9ances Exosomes [&hellip;]<\/p>\n","protected":false},"author":1,"featured_media":29108,"parent":0,"menu_order":11,"comment_status":"closed","ping_status":"closed","template":"","meta":{"_acf_changed":false,"footnotes":""},"class_list":["post-29833","page","type-page","status-publish","has-post-thumbnail","hentry"],"acf":[],"_links":{"self":[{"href":"https:\/\/www.koreanskin.ch\/fr\/wp-json\/wp\/v2\/pages\/29833","targetHints":{"allow":["GET"]}}],"collection":[{"href":"https:\/\/www.koreanskin.ch\/fr\/wp-json\/wp\/v2\/pages"}],"about":[{"href":"https:\/\/www.koreanskin.ch\/fr\/wp-json\/wp\/v2\/types\/page"}],"author":[{"embeddable":true,"href":"https:\/\/www.koreanskin.ch\/fr\/wp-json\/wp\/v2\/users\/1"}],"replies":[{"embeddable":true,"href":"https:\/\/www.koreanskin.ch\/fr\/wp-json\/wp\/v2\/comments?post=29833"}],"version-history":[{"count":31,"href":"https:\/\/www.koreanskin.ch\/fr\/wp-json\/wp\/v2\/pages\/29833\/revisions"}],"predecessor-version":[{"id":30821,"href":"https:\/\/www.koreanskin.ch\/fr\/wp-json\/wp\/v2\/pages\/29833\/revisions\/30821"}],"wp:featuredmedia":[{"embeddable":true,"href":"https:\/\/www.koreanskin.ch\/fr\/wp-json\/wp\/v2\/media\/29108"}],"wp:attachment":[{"href":"https:\/\/www.koreanskin.ch\/fr\/wp-json\/wp\/v2\/media?parent=29833"}],"curies":[{"name":"wp","href":"https:\/\/api.w.org\/{rel}","templated":true}]}}