{"id":29543,"date":"2024-06-10T16:12:13","date_gmt":"2024-06-10T14:12:13","guid":{"rendered":"https:\/\/www.koreanskin.ch\/soins-de-la-peau-lasers\/pico-laser-hair-bleaching-painless-revolutionary-hair-removal\/"},"modified":"2024-06-15T18:41:10","modified_gmt":"2024-06-15T16:41:10","slug":"blanchiment-des-poils-au-laser-pico-epilation-revolutionnaire-et-indolore","status":"publish","type":"page","link":"https:\/\/www.koreanskin.ch\/fr\/soins-de-la-peau-lasers\/blanchiment-des-poils-au-laser-pico-epilation-revolutionnaire-et-indolore\/","title":{"rendered":"Hair bleaching des poils au laser Pico : \u00e9pilation r\u00e9volutionnaire et indolore"},"content":{"rendered":"<p>La technique \u00ab hair bleaching \u00bb par le Pico Laser repr\u00e9sente une avanc\u00e9e r\u00e9volutionnaire dans les techniques d\u2019\u00e9pilation. Utilisant la technologie picoseconde, cette technique consiste \u00e0 d\u00e9colorer les poils duveteux, fins, voire fonc\u00e9s, pour les \u00e9claircir et favoriser leur chute (3 \u00e0 6 semaines). C\u2019est une technique indolore, qui peut \u00eatre r\u00e9alis\u00e9e en \u00e9t\u00e9.<\/p>\n<p>La d\u00e9coloration convient \u00e0 toutes les localisations, qu\u2019elles soient claires, moyennes ou fonc\u00e9es, et peut \u00eatre r\u00e9alis\u00e9e sur de petites zones o\u00f9 l\u2019\u00e9pilation est difficile, comme le visage, le d\u00e9collet\u00e9, le ventre et m\u00eame les bras, o\u00f9 les poils peuvent \u00eatre trop fins.<\/p>\n<p>Cette alternative est \u00e9galement id\u00e9ale pour les zones sensibles ou \u00ab hormono-d\u00e9pendantes \u00bb, car aucun risque de repousse paradoxale. De plus, la technique ne fait pas appel \u00e0 des produits d\u00e9colorants comme le peroxyde d\u2019hydrog\u00e8ne, ni m\u00eame \u00e0 la cr\u00e8me d\u00e9colorante, qui ont un temps d\u2019action assez long et peuvent \u00eatre toxiques pour la peau.<\/p>\n<h2>Technologie<\/h2>\n<p>Le processus de blanchiment est effectu\u00e9 \u00e0 l\u2019aide du Pico cor\u00e9en Lutronic Pico+, le Pico Laser Pico le plus sophistiqu\u00e9. Il \u00e9met une onde longue pendant un temps tr\u00e8s court et d\u00e9truit la m\u00e9lanine du cheveu, responsable de sa couleur. Au fur et \u00e0 mesure que le pigment explose, les cheveux perdent instinctivement leur couleur et tombent dans les jours qui suivent le traitement.<\/p>\n<p>Cette technique peut \u00eatre qualifi\u00e9e de \u00ab moyenne dur\u00e9e \u00bb car elle donne des r\u00e9sultats temporaires entre 1 et 3 mois. Le blanchiment est indolore et ne n\u00e9cessite aucune interruption des activit\u00e9s sociales.<\/p>\n<p>Le traitement peut m\u00eame \u00eatre effectu\u00e9 pendant l\u2019\u00e9t\u00e9.<\/p>\n<h2>Contre-indications :<\/h2>\n<p>Bien que la d\u00e9coloration des cheveux au laser Pico soit g\u00e9n\u00e9ralement sans danger, certaines contre-indications existent, telles que :<\/p>\n<ul>\n<li>Infections ou inflammations actives du cuir chevelu ou de la peau.<\/li>\n<li>Grossesse ou allaitement.<\/li>\n<li>Sensibilit\u00e9 cutan\u00e9e excessive ou affections dermatologiques graves.<\/li>\n<li>Utilisation de m\u00e9dicaments photosensibilisants.<\/li>\n<\/ul>\n<p>Il est essentiel que les patients consultent un praticien qualifi\u00e9 pour \u00e9valuer leur aptitude au traitement avant de proc\u00e9der.<\/p>\n<h2>Proc\u00e9dure :<\/h2>\n<p>Le traitement commence par une consultation approfondie pour \u00e9valuer les besoins et les objectifs du patient. Pendant la proc\u00e9dure :<\/p>\n<ul>\n<li>La zone \u00e0 traiter est nettoy\u00e9e et une protection oculaire est fournie si n\u00e9cessaire.<\/li>\n<li>Le praticien utilise un appareil Pico Laser pour \u00e9mettre des impulsions cibl\u00e9es sur les cheveux, \u00e9claircissant progressivement la couleur.<\/li>\n<li>La dur\u00e9e de la proc\u00e9dure varie en fonction de la taille de la zone trait\u00e9e, g\u00e9n\u00e9ralement environ 30 minutes.<\/li>\n<li>Les patients peuvent ressentir une l\u00e9g\u00e8re sensation de chaleur ou des picotements pendant la proc\u00e9dure.<\/li>\n<\/ul>\n<h2>Apr\u00e8s le traitement :<\/h2>\n<p>Apr\u00e8s le traitement, les patients peuvent imm\u00e9diatement reprendre leurs activit\u00e9s normales. Les effets secondaires temporaires peuvent inclure une l\u00e9g\u00e8re rougeur ou une irritation cutan\u00e9e, qui dispara\u00eet g\u00e9n\u00e9ralement en quelques heures ou quelques jours. Les soins post-traitement comprennent :<\/p>\n<ul>\n<li>\u00c9viter l\u2019exposition directe au soleil et utiliser un \u00e9cran solaire pendant 3 \u00e0 4 jours.<\/li>\n<li>Utiliser des produits doux et \u00e9viter les traitements chimiques agressifs pendant quelques jours.<\/li>\n<li>Suivre les recommandations pr\u00e9cises du praticien pour optimiser les r\u00e9sultats.<\/li>\n<\/ul>\n<h2>Complications :<\/h2>\n<p>Les complications li\u00e9es \u00e0 la d\u00e9coloration des cheveux au laser Pico sont rares mais peuvent inclure :<\/p>\n<ul>\n<li>Rougeur ou irritation cutan\u00e9e temporaire.<\/li>\n<li>Rarement, des br\u00fblures ou des ampoules mineures.<\/li>\n<li>R\u00e9actions allergiques aux produits utilis\u00e9s pendant ou apr\u00e8s le traitement.<\/li>\n<\/ul>\n<p>Ces complications sont g\u00e9n\u00e9ralement l\u00e9g\u00e8res et temporaires. La plupart des patients connaissent un processus de r\u00e9cup\u00e9ration en douceur en suivant les instructions de soins post-traitement fournies par leur praticien.<\/p>\n","protected":false},"excerpt":{"rendered":"<p>La technique \u00ab hair bleaching \u00bb par le Pico Laser repr\u00e9sente une avanc\u00e9e r\u00e9volutionnaire dans les techniques d\u2019\u00e9pilation. Utilisant la technologie picoseconde, cette technique consiste \u00e0 d\u00e9colorer les poils duveteux, fins, voire fonc\u00e9s, pour les \u00e9claircir et favoriser leur chute (3 \u00e0 6 semaines). C\u2019est une technique indolore, qui peut \u00eatre r\u00e9alis\u00e9e en \u00e9t\u00e9. La [&hellip;]<\/p>\n","protected":false},"author":1,"featured_media":29547,"parent":29496,"menu_order":8,"comment_status":"closed","ping_status":"closed","template":"","meta":{"_acf_changed":false,"footnotes":""},"class_list":["post-29543","page","type-page","status-publish","has-post-thumbnail","hentry"],"acf":[],"_links":{"self":[{"href":"https:\/\/www.koreanskin.ch\/fr\/wp-json\/wp\/v2\/pages\/29543","targetHints":{"allow":["GET"]}}],"collection":[{"href":"https:\/\/www.koreanskin.ch\/fr\/wp-json\/wp\/v2\/pages"}],"about":[{"href":"https:\/\/www.koreanskin.ch\/fr\/wp-json\/wp\/v2\/types\/page"}],"author":[{"embeddable":true,"href":"https:\/\/www.koreanskin.ch\/fr\/wp-json\/wp\/v2\/users\/1"}],"replies":[{"embeddable":true,"href":"https:\/\/www.koreanskin.ch\/fr\/wp-json\/wp\/v2\/comments?post=29543"}],"version-history":[{"count":0,"href":"https:\/\/www.koreanskin.ch\/fr\/wp-json\/wp\/v2\/pages\/29543\/revisions"}],"up":[{"embeddable":true,"href":"https:\/\/www.koreanskin.ch\/fr\/wp-json\/wp\/v2\/pages\/29496"}],"wp:featuredmedia":[{"embeddable":true,"href":"https:\/\/www.koreanskin.ch\/fr\/wp-json\/wp\/v2\/media\/29547"}],"wp:attachment":[{"href":"https:\/\/www.koreanskin.ch\/fr\/wp-json\/wp\/v2\/media?parent=29543"}],"curies":[{"name":"wp","href":"https:\/\/api.w.org\/{rel}","templated":true}]}}