{"id":29524,"date":"2024-06-10T14:20:27","date_gmt":"2024-06-10T12:20:27","guid":{"rendered":"https:\/\/www.koreanskin.ch\/aesthetic-medicine-surgery\/"},"modified":"2024-06-14T15:48:47","modified_gmt":"2024-06-14T13:48:47","slug":"medecine-et-chirurgie-esthetiques-geneve","status":"publish","type":"page","link":"https:\/\/www.koreanskin.ch\/fr\/medecine-et-chirurgie-esthetiques-geneve\/","title":{"rendered":"M\u00e9decine et Chirurgie Esth\u00e9tique"},"content":{"rendered":"<p>D\u00e9couvrez les services exceptionnels de m\u00e9decine esth\u00e9tique et de chirurgie chez Korean Skin \u00e0 Gen\u00e8ve. Nous nous sp\u00e9cialisons dans l&rsquo;aide \u00e0 vous sentir et \u00e0 para\u00eetre au mieux avec une gamme de traitements adapt\u00e9s \u00e0 vos besoins. Notre \u00e9quipe d&rsquo;experts propose des injections de Botox pour lisser les rides, des fillers pour am\u00e9liorer votre beaut\u00e9 naturelle, et des traitements avanc\u00e9s aux cellules souches pour rajeunir votre peau. Situ\u00e9e au c\u0153ur de Gen\u00e8ve, notre clinique combine technologie de pointe et soins personnalis\u00e9s, vous assurant des traitements de la plus haute qualit\u00e9 dans un environnement confortable et relaxant.<\/p>\n<h2>Notre liste de traitements en M\u00e9decine et Chirurgie Esth\u00e9tique :<\/h2>\n<ul>\n<li><a href=\"https:\/\/www.koreanskin.ch\/fr\/medecine-et-chirurgie-esthetiques-geneve\/traitement-au-botox\/\">Traitement au Botox<\/a><\/li>\n<li><a href=\"https:\/\/www.koreanskin.ch\/fr\/medecine-et-chirurgie-esthetiques-geneve\/acide-hyaluronique\/\">Acide hyaluronique<\/a><\/li>\n<li><a href=\"https:\/\/www.koreanskin.ch\/fr\/medecine-et-chirurgie-esthetiques-geneve\/cellules-souches\/\">Cellules souches<\/a><\/li>\n<li><a href=\"https:\/\/www.drlucasplasticsurgery.ch\/\" target=\"_blank\" rel=\"noopener\">Autres<\/a><\/li>\n<\/ul>\n","protected":false},"excerpt":{"rendered":"<p>D\u00e9couvrez les services exceptionnels de m\u00e9decine esth\u00e9tique et de chirurgie chez Korean Skin \u00e0 Gen\u00e8ve. Nous nous sp\u00e9cialisons dans l&rsquo;aide \u00e0 vous sentir et \u00e0 para\u00eetre au mieux avec une gamme de traitements adapt\u00e9s \u00e0 vos besoins. Notre \u00e9quipe d&rsquo;experts propose des injections de Botox pour lisser les rides, des fillers pour am\u00e9liorer votre beaut\u00e9 [&hellip;]<\/p>\n","protected":false},"author":1,"featured_media":29522,"parent":0,"menu_order":6,"comment_status":"closed","ping_status":"closed","template":"","meta":{"_acf_changed":false,"footnotes":""},"class_list":["post-29524","page","type-page","status-publish","has-post-thumbnail","hentry"],"acf":[],"_links":{"self":[{"href":"https:\/\/www.koreanskin.ch\/fr\/wp-json\/wp\/v2\/pages\/29524","targetHints":{"allow":["GET"]}}],"collection":[{"href":"https:\/\/www.koreanskin.ch\/fr\/wp-json\/wp\/v2\/pages"}],"about":[{"href":"https:\/\/www.koreanskin.ch\/fr\/wp-json\/wp\/v2\/types\/page"}],"author":[{"embeddable":true,"href":"https:\/\/www.koreanskin.ch\/fr\/wp-json\/wp\/v2\/users\/1"}],"replies":[{"embeddable":true,"href":"https:\/\/www.koreanskin.ch\/fr\/wp-json\/wp\/v2\/comments?post=29524"}],"version-history":[{"count":0,"href":"https:\/\/www.koreanskin.ch\/fr\/wp-json\/wp\/v2\/pages\/29524\/revisions"}],"wp:featuredmedia":[{"embeddable":true,"href":"https:\/\/www.koreanskin.ch\/fr\/wp-json\/wp\/v2\/media\/29522"}],"wp:attachment":[{"href":"https:\/\/www.koreanskin.ch\/fr\/wp-json\/wp\/v2\/media?parent=29524"}],"curies":[{"name":"wp","href":"https:\/\/api.w.org\/{rel}","templated":true}]}}