{"id":29511,"date":"2024-06-10T13:49:19","date_gmt":"2024-06-10T11:49:19","guid":{"rendered":"https:\/\/www.koreanskin.ch\/biohacking-iv-drips\/"},"modified":"2025-06-03T21:02:10","modified_gmt":"2025-06-03T19:02:10","slug":"biohacking-iv-drips","status":"publish","type":"page","link":"https:\/\/www.koreanskin.ch\/fr\/biohacking-iv-drips\/","title":{"rendered":"Biohacking &#038; IV drips"},"content":{"rendered":"<p>D\u00e9couvrez les bienfaits du biohacking et des perfusions IV chez Korean Skin \u00e0 Gen\u00e8ve. Nos services incluent la perfusion IV de Glutathion pour la d\u00e9toxification et l&rsquo;\u00e9claircissement, les traitements pour la croissance des cheveux afin de revitaliser et renforcer vos cheveux, et la perfusion IV Booster d&rsquo;Immunit\u00e9 pour maintenir vos d\u00e9fenses fortes. D\u00e9couvrez les effets rajeunissants de nos perfusions pour une \u00e9nergie accrue et une clart\u00e9 mentale am\u00e9lior\u00e9e. Pour une peau \u00e9clatante et rayonnante, essayez notre perfusion IV \u00c9clat de la Peau. Chez Korean Skin, nous adaptons chaque traitement \u00e0 vos besoins, garantissant que vous soyez au meilleur de votre forme.<\/p>\n<h2>Liste de nos traitements :<\/h2>\n<ul>\n<li><a href=\"https:\/\/www.koreanskin.ch\/fr\/biohacking-iv-drips\/perfusion-iv-de-glutathion-geneve\/\">Perfusion IV de Glutathion<\/a><\/li>\n<li><a href=\"https:\/\/www.koreanskin.ch\/fr\/biohacking-iv-drips\/pousse-des-cheveux-geneve\/\">Croissance des Cheveux<\/a><\/li>\n<li><a href=\"https:\/\/www.koreanskin.ch\/fr\/biohacking-iv-drips\/perfusion-iv-boost-immunite\/\">Perfusion IV Booster d&rsquo;Immunit\u00e9<\/a><\/li>\n<li><a href=\"https:\/\/www.koreanskin.ch\/fr\/biohacking-iv-drips\/therapie-boost-denergie-par-perfusion-iv-a-geneve\/\">Boost d&rsquo;\u00c9nergie par Perfusion IV<\/a><\/li>\n<li><a href=\"https:\/\/www.koreanskin.ch\/fr\/biohacking-iv-drips\/perfusion-iv-eclat-de-la-peau\/\">\u00c9clat de la Peau<\/a><\/li>\n<\/ul>\n","protected":false},"excerpt":{"rendered":"<p>D\u00e9couvrez les bienfaits du biohacking et des perfusions IV chez Korean Skin \u00e0 Gen\u00e8ve. Nos services incluent la perfusion IV de Glutathion pour la d\u00e9toxification et l&rsquo;\u00e9claircissement, les traitements pour la croissance des cheveux afin de revitaliser et renforcer vos cheveux, et la perfusion IV Booster d&rsquo;Immunit\u00e9 pour maintenir vos d\u00e9fenses fortes. D\u00e9couvrez les effets [&hellip;]<\/p>\n","protected":false},"author":1,"featured_media":29508,"parent":0,"menu_order":5,"comment_status":"closed","ping_status":"closed","template":"","meta":{"_acf_changed":false,"footnotes":""},"class_list":["post-29511","page","type-page","status-publish","has-post-thumbnail","hentry"],"acf":[],"_links":{"self":[{"href":"https:\/\/www.koreanskin.ch\/fr\/wp-json\/wp\/v2\/pages\/29511","targetHints":{"allow":["GET"]}}],"collection":[{"href":"https:\/\/www.koreanskin.ch\/fr\/wp-json\/wp\/v2\/pages"}],"about":[{"href":"https:\/\/www.koreanskin.ch\/fr\/wp-json\/wp\/v2\/types\/page"}],"author":[{"embeddable":true,"href":"https:\/\/www.koreanskin.ch\/fr\/wp-json\/wp\/v2\/users\/1"}],"replies":[{"embeddable":true,"href":"https:\/\/www.koreanskin.ch\/fr\/wp-json\/wp\/v2\/comments?post=29511"}],"version-history":[{"count":2,"href":"https:\/\/www.koreanskin.ch\/fr\/wp-json\/wp\/v2\/pages\/29511\/revisions"}],"predecessor-version":[{"id":30739,"href":"https:\/\/www.koreanskin.ch\/fr\/wp-json\/wp\/v2\/pages\/29511\/revisions\/30739"}],"wp:featuredmedia":[{"embeddable":true,"href":"https:\/\/www.koreanskin.ch\/fr\/wp-json\/wp\/v2\/media\/29508"}],"wp:attachment":[{"href":"https:\/\/www.koreanskin.ch\/fr\/wp-json\/wp\/v2\/media?parent=29511"}],"curies":[{"name":"wp","href":"https:\/\/api.w.org\/{rel}","templated":true}]}}