{"id":29496,"date":"2024-06-10T13:17:05","date_gmt":"2024-06-10T11:17:05","guid":{"rendered":"https:\/\/www.koreanskin.ch\/skin-care-lasers\/"},"modified":"2024-06-14T14:10:50","modified_gmt":"2024-06-14T12:10:50","slug":"soins-de-la-peau-lasers","status":"publish","type":"page","link":"https:\/\/www.koreanskin.ch\/fr\/soins-de-la-peau-lasers\/","title":{"rendered":"Soins de la peau et lasers"},"content":{"rendered":"<p>D\u00e9couvrez le meilleur des soins de la peau et des traitements au laser ici m\u00eame \u00e0 Gen\u00e8ve. Notre clinique propose une gamme de services avanc\u00e9s de soins de la peau cor\u00e9ens con\u00e7us pour rajeunir et rafra\u00eechir votre peau. Nos traitements incluent le Laser Fractionnel CO2 cor\u00e9en, le Hifu cor\u00e9en, le Pico cor\u00e9en et la Radiofr\u00e9quence Microneedling cor\u00e9enne. Profitez des bienfaits de la Th\u00e9rapie LED Multimodale, de l&rsquo;Hydrodermabrasion Skincare, de JuveLook, des Exosomes cor\u00e9ens et du PRP Plasma cor\u00e9en. Nous proposons \u00e9galement le traitement innovant Rejuran Healer et une analyse approfondie de la peau avec Skinscope. Personnalisez votre parcours de soins avec nos programmes de soins de la peau sur mesure. Laissez-nous vous aider \u00e0 obtenir une peau \u00e9clatante et saine.<\/p>\n<h2>Liste de soins de la peau et lasers :<\/h2>\n<ul>\n<li><a href=\"https:\/\/www.koreanskin.ch\/fr\/soins-de-la-peau-lasers\/korean-fractionnal-laser-co2\/\">Laser fractionn\u00e9 CO2 cor\u00e9en<\/a><\/li>\n<li><a href=\"https:\/\/www.koreanskin.ch\/fr\/soins-de-la-peau-lasers\/hifu-coreen\/\">HIFU Cor\u00e9en<\/a><\/li>\n<li><a href=\"https:\/\/www.koreanskin.ch\/fr\/soins-de-la-peau-lasers\/technologie-coreenne-pico-geneve\/\">Technologie cor\u00e9enne Pico<\/a><\/li>\n<li><a href=\"https:\/\/www.koreanskin.ch\/fr\/soins-de-la-peau-lasers\/microneedeling-radiofrequence\/\">Microneedeling Radiofr\u00e9quence<\/a><\/li>\n<li><a href=\"https:\/\/www.koreanskin.ch\/fr\/soins-de-la-peau-lasers\/therapie-led-multimodale\/\">Th\u00e9rapie LED Multimodale<\/a><\/li>\n<li><a href=\"https:\/\/www.koreanskin.ch\/fr\/soins-de-la-peau-lasers\/hydrodermabrasion-skincare\/\">Nettoyage et Rajeunissement de la peau<\/a><\/li>\n<li><a href=\"https:\/\/www.koreanskin.ch\/fr\/soins-de-la-peau-lasers\/juvelook\/\">JuveLook<\/a><\/li>\n<li><a href=\"https:\/\/www.koreanskin.ch\/fr\/soins-de-la-peau-lasers\/korean-exosomes\/\">Korean Exosomes<\/a><\/li>\n<li><a href=\"https:\/\/www.koreanskin.ch\/fr\/soins-de-la-peau-lasers\/plasma-prp-coreen-geneve\/\">Korean Plasma PRP<\/a><\/li>\n<li><a href=\"https:\/\/www.koreanskin.ch\/fr\/soins-de-la-peau-lasers\/blanchiment-des-poils-au-laser-pico-epilation-revolutionnaire-et-indolore\/\">Epilation r\u00e9volutionnaire<\/a><\/li>\n<li><a href=\"https:\/\/www.koreanskin.ch\/fr\/soins-de-la-peau-lasers\/rejuran-healer\/\">Rejuran Healer<\/a><\/li>\n<li><a href=\"https:\/\/www.koreanskin.ch\/fr\/soins-de-la-peau-lasers\/skinscope\/\">Skinscope<\/a><\/li>\n<li><a href=\"https:\/\/www.koreanskin.ch\/fr\/soins-de-la-peau-lasers\/detatouage-indolore-avec-le-laser-pico-lutronic-pico\/\">D\u00e9tatouage indolore<\/a><\/li>\n<li><a href=\"https:\/\/www.koreanskin.ch\/fr\/soins-de-la-peau-lasers\/programme-de-soins-ic-skincare\/\">Programme de soins IC Skincare<\/a><\/li>\n<\/ul>\n","protected":false},"excerpt":{"rendered":"<p>D\u00e9couvrez le meilleur des soins de la peau et des traitements au laser ici m\u00eame \u00e0 Gen\u00e8ve. Notre clinique propose une gamme de services avanc\u00e9s de soins de la peau cor\u00e9ens con\u00e7us pour rajeunir et rafra\u00eechir votre peau. Nos traitements incluent le Laser Fractionnel CO2 cor\u00e9en, le Hifu cor\u00e9en, le Pico cor\u00e9en et la Radiofr\u00e9quence [&hellip;]<\/p>\n","protected":false},"author":1,"featured_media":29494,"parent":0,"menu_order":4,"comment_status":"closed","ping_status":"closed","template":"","meta":{"_acf_changed":false,"footnotes":""},"class_list":["post-29496","page","type-page","status-publish","has-post-thumbnail","hentry"],"acf":[],"_links":{"self":[{"href":"https:\/\/www.koreanskin.ch\/fr\/wp-json\/wp\/v2\/pages\/29496","targetHints":{"allow":["GET"]}}],"collection":[{"href":"https:\/\/www.koreanskin.ch\/fr\/wp-json\/wp\/v2\/pages"}],"about":[{"href":"https:\/\/www.koreanskin.ch\/fr\/wp-json\/wp\/v2\/types\/page"}],"author":[{"embeddable":true,"href":"https:\/\/www.koreanskin.ch\/fr\/wp-json\/wp\/v2\/users\/1"}],"replies":[{"embeddable":true,"href":"https:\/\/www.koreanskin.ch\/fr\/wp-json\/wp\/v2\/comments?post=29496"}],"version-history":[{"count":0,"href":"https:\/\/www.koreanskin.ch\/fr\/wp-json\/wp\/v2\/pages\/29496\/revisions"}],"wp:featuredmedia":[{"embeddable":true,"href":"https:\/\/www.koreanskin.ch\/fr\/wp-json\/wp\/v2\/media\/29494"}],"wp:attachment":[{"href":"https:\/\/www.koreanskin.ch\/fr\/wp-json\/wp\/v2\/media?parent=29496"}],"curies":[{"name":"wp","href":"https:\/\/api.w.org\/{rel}","templated":true}]}}