{"id":29485,"date":"2024-06-10T12:31:05","date_gmt":"2024-06-10T10:31:05","guid":{"rendered":"https:\/\/www.koreanskin.ch\/korean-and-us-cosmetics\/"},"modified":"2024-08-28T22:22:05","modified_gmt":"2024-08-28T20:22:05","slug":"cosmetiques-coreens-et-americains","status":"publish","type":"page","link":"https:\/\/www.koreanskin.ch\/fr\/cosmetiques-coreens-et-americains\/","title":{"rendered":"Cosm\u00e9tiques cor\u00e9ens et am\u00e9ricains"},"content":{"rendered":"<p>D\u00e9couvrez le meilleur des cosm\u00e9tiques cor\u00e9ens et am\u00e9ricains chez Korean Skin \u00e0 Gen\u00e8ve ! Nous proposons des marques de premier plan comme ZO Skin Health et Skin Ceuticals pour garder votre peau \u00e9clatante et saine. Apprenez les Bases des Soins de la Peau avec notre \u00e9quipe d&rsquo;experts, et explorez des traitements avanc\u00e9s comme Cell By Cell et la Cr\u00e8me ASCE+ Exobalm pour des r\u00e9sultats \u00e9tonnants. Venez nous rendre visite pour d\u00e9couvrir des solutions de soins personnalis\u00e9es qui r\u00e9pondent \u00e0 tous les types de peau et \u00e0 toutes les pr\u00e9occupations. Votre voyage vers une peau belle et radieuse commence ici chez Korean Skin \u00e0 Gen\u00e8ve !<\/p>\n<ul>\n<li><a href=\"https:\/\/www.koreanskin.ch\/fr\/cosmetiques-coreens-et-americains\/zo-skin-health\/\">ZO Skin Health<\/a><\/li>\n<li><a href=\"https:\/\/www.koreanskin.ch\/fr\/cosmetiques-coreens-et-americains\/skin-ceuticals\/\">Skin Ceuticals<\/a><\/li>\n<li><a href=\"https:\/\/www.koreanskin.ch\/fr\/cosmetiques-coreens-et-americains\/lessentiel-des-soins-de-la-peau\/\">L&rsquo;essentiel des soins de la peau<\/a><\/li>\n<li><a href=\"https:\/\/www.koreanskin.ch\/fr\/cosmetiques-coreens-et-americains\/cell-by-cell\/\">Cell By Cell<\/a><\/li>\n<li><a href=\"https:\/\/www.koreanskin.ch\/fr\/cosmetiques-coreens-et-americains\/creme-asce-exobalm\/\">Cr\u00e8me ASCE+ ExoBalm<\/a><\/li>\n<\/ul>\n<p>&nbsp;<\/p>\n<div style=\"width: 1080px;\" class=\"wp-video\"><video class=\"wp-video-shortcode\" id=\"video-29485-1\" width=\"1080\" height=\"1920\" preload=\"metadata\" controls=\"controls\"><source type=\"video\/mp4\" src=\"https:\/\/www.koreanskin.ch\/wp-content\/uploads\/2024\/08\/VID_129520102_181929_463.mp4?_=1\" \/><a href=\"https:\/\/www.koreanskin.ch\/wp-content\/uploads\/2024\/08\/VID_129520102_181929_463.mp4\">https:\/\/www.koreanskin.ch\/wp-content\/uploads\/2024\/08\/VID_129520102_181929_463.mp4<\/a><\/video><\/div>\n","protected":false},"excerpt":{"rendered":"<p>D\u00e9couvrez le meilleur des cosm\u00e9tiques cor\u00e9ens et am\u00e9ricains chez Korean Skin \u00e0 Gen\u00e8ve ! Nous proposons des marques de premier plan comme ZO Skin Health et Skin Ceuticals pour garder votre peau \u00e9clatante et saine. Apprenez les Bases des Soins de la Peau avec notre \u00e9quipe d&rsquo;experts, et explorez des traitements avanc\u00e9s comme Cell By [&hellip;]<\/p>\n","protected":false},"author":1,"featured_media":29483,"parent":0,"menu_order":3,"comment_status":"closed","ping_status":"closed","template":"","meta":{"_acf_changed":false,"footnotes":""},"class_list":["post-29485","page","type-page","status-publish","has-post-thumbnail","hentry"],"acf":[],"_links":{"self":[{"href":"https:\/\/www.koreanskin.ch\/fr\/wp-json\/wp\/v2\/pages\/29485","targetHints":{"allow":["GET"]}}],"collection":[{"href":"https:\/\/www.koreanskin.ch\/fr\/wp-json\/wp\/v2\/pages"}],"about":[{"href":"https:\/\/www.koreanskin.ch\/fr\/wp-json\/wp\/v2\/types\/page"}],"author":[{"embeddable":true,"href":"https:\/\/www.koreanskin.ch\/fr\/wp-json\/wp\/v2\/users\/1"}],"replies":[{"embeddable":true,"href":"https:\/\/www.koreanskin.ch\/fr\/wp-json\/wp\/v2\/comments?post=29485"}],"version-history":[{"count":1,"href":"https:\/\/www.koreanskin.ch\/fr\/wp-json\/wp\/v2\/pages\/29485\/revisions"}],"predecessor-version":[{"id":30282,"href":"https:\/\/www.koreanskin.ch\/fr\/wp-json\/wp\/v2\/pages\/29485\/revisions\/30282"}],"wp:featuredmedia":[{"embeddable":true,"href":"https:\/\/www.koreanskin.ch\/fr\/wp-json\/wp\/v2\/media\/29483"}],"wp:attachment":[{"href":"https:\/\/www.koreanskin.ch\/fr\/wp-json\/wp\/v2\/media?parent=29485"}],"curies":[{"name":"wp","href":"https:\/\/api.w.org\/{rel}","templated":true}]}}