{"id":29475,"date":"2024-04-21T06:57:26","date_gmt":"2024-04-21T04:57:26","guid":{"rendered":"https:\/\/www.koreanskin.ch\/terms-of-use\/"},"modified":"2024-06-14T13:38:28","modified_gmt":"2024-06-14T11:38:28","slug":"conditions-dutilisation","status":"publish","type":"page","link":"https:\/\/www.koreanskin.ch\/fr\/conditions-dutilisation\/","title":{"rendered":"Conditions d&rsquo;Utilisation"},"content":{"rendered":"<p><strong>Date d&rsquo;entr\u00e9e en vigueur : <\/strong>07.06.2024<\/p>\n<p>Bienvenue sur <a href=\"https:\/\/www.koreanskin.ch\" target=\"_new\" rel=\"noopener\">www.koreanskin.ch<\/a> (le \u00ab\u00a0Site\u00a0\u00bb), exploit\u00e9 par <strong>Korean Skin SA<\/strong> (\u00ab\u00a0nous\u00a0\u00bb, \u00ab\u00a0notre\u00a0\u00bb, \u00ab\u00a0nos\u00a0\u00bb). En acc\u00e9dant ou en utilisant le Site, vous acceptez de vous conformer aux pr\u00e9sentes conditions g\u00e9n\u00e9rales d&rsquo;utilisation (les \u00ab\u00a0Conditions d&rsquo;Utilisation\u00a0\u00bb). Veuillez les lire attentivement.<\/p>\n<h3>Utilisation du Site<\/h3>\n<p>Vous acceptez d&rsquo;utiliser le Site uniquement \u00e0 des fins l\u00e9gales et d&rsquo;une mani\u00e8re qui ne porte pas atteinte aux droits de, restreint ou emp\u00eache l&rsquo;utilisation et la jouissance du Site par toute autre personne. Les comportements interdits incluent le harc\u00e8lement ou la provocation de d\u00e9tresse ou d&rsquo;inconfort \u00e0 tout autre utilisateur, la transmission de contenus obsc\u00e8nes ou offensants, ou la perturbation du flux normal de dialogue sur le Site.<\/p>\n<h3>Propri\u00e9t\u00e9 Intellectuelle<\/h3>\n<p>Le contenu de ce Site, y compris mais sans s&rsquo;y limiter, les textes, graphiques, logos, images et logiciels, est la propri\u00e9t\u00e9 de Korean Skin SA ou de ses fournisseurs de contenu et est prot\u00e9g\u00e9 par les lois suisses et internationales sur les droits d&rsquo;auteur. Toute utilisation non autoris\u00e9e de tout contenu du Site est interdite.<\/p>\n<h3>Liens vers des Sites Tiers<\/h3>\n<p>Le Site peut contenir des liens vers des sites web ou des services tiers qui ne sont pas d\u00e9tenus ou contr\u00f4l\u00e9s par Korean Skin SA. Nous n&rsquo;avons aucun contr\u00f4le sur, et n&rsquo;assumons aucune responsabilit\u00e9 pour, le contenu, les politiques de confidentialit\u00e9 ou les pratiques de tout site web ou service tiers.<\/p>\n<h3>Limitation de Responsabilit\u00e9<\/h3>\n<p>En aucun cas, Korean Skin SA, ses directeurs, employ\u00e9s ou agents, ne seront responsables de tout dommage indirect, incident, sp\u00e9cial, cons\u00e9cutif ou punitif, y compris sans s&rsquo;y limiter, la perte de profits, de donn\u00e9es, d&rsquo;utilisation, de client\u00e8le ou autres pertes intangibles, r\u00e9sultant de (i) votre utilisation ou incapacit\u00e9 \u00e0 utiliser le Site ; (ii) tout acc\u00e8s non autoris\u00e9 \u00e0 ou utilisation de nos serveurs et\/ou de toute information personnelle stock\u00e9e sur ceux-ci ; (iii) toute interruption ou cessation de transmission vers ou depuis le Site ; (iv) tout bug, virus, cheval de Troie, ou similaire qui peut \u00eatre transmis \u00e0 ou par le biais de notre Site par un tiers ; (v) toute erreur ou omission dans tout contenu ou pour toute perte ou dommage de toute sorte encouru \u00e0 la suite de votre utilisation de tout contenu post\u00e9, envoy\u00e9 par e-mail, transmis ou autrement mis \u00e0 disposition via le Site.<\/p>\n<h3>Droit Applicable<\/h3>\n<p>Ces Conditions d&rsquo;Utilisation seront r\u00e9gies et interpr\u00e9t\u00e9es conform\u00e9ment aux lois de la Suisse, sans \u00e9gard \u00e0 ses dispositions en mati\u00e8re de conflit de lois.<\/p>\n<h3>Modifications des Conditions d&rsquo;Utilisation<\/h3>\n<p>Nous nous r\u00e9servons le droit, \u00e0 notre seule discr\u00e9tion, de modifier ou de remplacer ces Conditions d&rsquo;Utilisation \u00e0 tout moment. Si une r\u00e9vision est importante, nous essaierons de fournir un pr\u00e9avis d&rsquo;au moins 30 jours avant l&rsquo;entr\u00e9e en vigueur de toute nouvelle condition. Ce qui constitue une modification importante sera d\u00e9termin\u00e9 \u00e0 notre seule discr\u00e9tion.<\/p>\n<h3>Nous Contacter<\/h3>\n<p>Si vous avez des questions concernant ces Conditions d&rsquo;Utilisation, veuillez nous contacter \u00e0 l&rsquo;adresse suivante :<\/p>\n<p><strong>Korean Skin SA<\/strong><br \/>\nRue du Rh\u00f4ne 116, 1204 Gen\u00e8ve, Suisse<br \/>\n<a href=\"mailto:info@koreanskin.ch\">info@koreanskin.ch<\/a><\/p>\n","protected":false},"excerpt":{"rendered":"<p>Date d&rsquo;entr\u00e9e en vigueur : 07.06.2024 Bienvenue sur www.koreanskin.ch (le \u00ab\u00a0Site\u00a0\u00bb), exploit\u00e9 par Korean Skin SA (\u00ab\u00a0nous\u00a0\u00bb, \u00ab\u00a0notre\u00a0\u00bb, \u00ab\u00a0nos\u00a0\u00bb). En acc\u00e9dant ou en utilisant le Site, vous acceptez de vous conformer aux pr\u00e9sentes conditions g\u00e9n\u00e9rales d&rsquo;utilisation (les \u00ab\u00a0Conditions d&rsquo;Utilisation\u00a0\u00bb). Veuillez les lire attentivement. Utilisation du Site Vous acceptez d&rsquo;utiliser le Site uniquement \u00e0 des fins [&hellip;]<\/p>\n","protected":false},"author":1,"featured_media":29814,"parent":0,"menu_order":2,"comment_status":"closed","ping_status":"closed","template":"","meta":{"_acf_changed":false,"footnotes":""},"class_list":["post-29475","page","type-page","status-publish","has-post-thumbnail","hentry"],"acf":[],"_links":{"self":[{"href":"https:\/\/www.koreanskin.ch\/fr\/wp-json\/wp\/v2\/pages\/29475","targetHints":{"allow":["GET"]}}],"collection":[{"href":"https:\/\/www.koreanskin.ch\/fr\/wp-json\/wp\/v2\/pages"}],"about":[{"href":"https:\/\/www.koreanskin.ch\/fr\/wp-json\/wp\/v2\/types\/page"}],"author":[{"embeddable":true,"href":"https:\/\/www.koreanskin.ch\/fr\/wp-json\/wp\/v2\/users\/1"}],"replies":[{"embeddable":true,"href":"https:\/\/www.koreanskin.ch\/fr\/wp-json\/wp\/v2\/comments?post=29475"}],"version-history":[{"count":0,"href":"https:\/\/www.koreanskin.ch\/fr\/wp-json\/wp\/v2\/pages\/29475\/revisions"}],"wp:featuredmedia":[{"embeddable":true,"href":"https:\/\/www.koreanskin.ch\/fr\/wp-json\/wp\/v2\/media\/29814"}],"wp:attachment":[{"href":"https:\/\/www.koreanskin.ch\/fr\/wp-json\/wp\/v2\/media?parent=29475"}],"curies":[{"name":"wp","href":"https:\/\/api.w.org\/{rel}","templated":true}]}}