{"id":29418,"date":"2024-06-05T06:43:37","date_gmt":"2024-06-05T04:43:37","guid":{"rendered":"https:\/\/www.koreanskin.ch\/treatments\/skinscope\/"},"modified":"2024-09-22T03:05:16","modified_gmt":"2024-09-22T01:05:16","slug":"skinscope","status":"publish","type":"page","link":"https:\/\/www.koreanskin.ch\/fr\/soins-de-la-peau-lasers\/skinscope\/","title":{"rendered":"Skinscope cor\u00e9en"},"content":{"rendered":"<p style=\"text-align: left;\">Notre clinique propose avec fiert\u00e9 le MarkVu, le SkinScope le plus avanc\u00e9, un outil de diagnostic de pointe con\u00e7u pour fournir des informations d\u00e9taill\u00e9es sur la sant\u00e9 et l&rsquo;\u00e9tat de votre peau. Utilis\u00e9 par les dermatologues cor\u00e9ens pour des \u00e9tudes scientifiques, le MarkVu permet une comparaison pr\u00e9cise et rapide entre les r\u00e9sultats avant traitement et les r\u00e9sultats cliniques apr\u00e8s toute proc\u00e9dure.<\/p>\n<p>Le MarkVu SkinScope utilise une technologie d&rsquo;imagerie avanc\u00e9e pour analyser divers param\u00e8tres de la peau. Il capture des images haute r\u00e9solution et utilise un \u00e9clairage multispectral pour r\u00e9v\u00e9ler des probl\u00e8mes cutan\u00e9s sous-jacents qui ne sont pas visibles \u00e0 l&rsquo;\u0153il nu. Cela permet une \u00e9valuation approfondie des besoins de votre peau et aide \u00e0 \u00e9laborer des plans de traitement personnalis\u00e9s.<\/p>\n<h2>Le MarkVu SkinScope est utilis\u00e9 pour \u00e9valuer :<\/h2>\n<ul>\n<li>La texture et le teint de la peau<\/li>\n<li>Les probl\u00e8mes de pigmentation<\/li>\n<li>La taille et la congestion des pores<\/li>\n<li>Les dommages UV et les taches de soleil<\/li>\n<li>Les ridules et les rides<\/li>\n<li>La sant\u00e9 globale de la peau et les niveaux d&rsquo;hydratation<\/li>\n<\/ul>\n<p>Le MarkVu SkinScope fournit une vue d&rsquo;ensemble compl\u00e8te de l&rsquo;\u00e9tat de votre peau, permettant des plans de traitement cibl\u00e9s et efficaces. D\u00e9couvrez les avantages d&rsquo;une analyse de la peau personnalis\u00e9e dans notre clinique avec le MarkVu SkinScope.<\/p>\n<p><img loading=\"lazy\" decoding=\"async\" src=\"https:\/\/www.koreanskin.ch\/wp-content\/uploads\/2024\/06\/Skinscope1.jpeg\" alt=\"MarkVu SkinScope 1\" width=\"1200\" height=\"675\" \/><br \/>\n<img loading=\"lazy\" decoding=\"async\" src=\"https:\/\/www.koreanskin.ch\/wp-content\/uploads\/2024\/06\/skinscope-2.jpeg\" alt=\"MarkVu SkinScope 2\" width=\"1200\" height=\"675\" \/><\/p>\n<p>&nbsp;<\/p>\n<div style=\"width: 828px;\" class=\"wp-video\"><video class=\"wp-video-shortcode\" id=\"video-29418-1\" width=\"828\" height=\"1486\" preload=\"metadata\" controls=\"controls\"><source type=\"video\/mp4\" src=\"https:\/\/www.koreanskin.ch\/wp-content\/uploads\/2024\/08\/VID_141470519_053013_250.mp4?_=1\" \/><a href=\"https:\/\/www.koreanskin.ch\/wp-content\/uploads\/2024\/08\/VID_141470519_053013_250.mp4\">https:\/\/www.koreanskin.ch\/wp-content\/uploads\/2024\/08\/VID_141470519_053013_250.mp4<\/a><\/video><\/div>\n","protected":false},"excerpt":{"rendered":"<p>Notre clinique propose avec fiert\u00e9 le MarkVu, le SkinScope le plus avanc\u00e9, un outil de diagnostic de pointe con\u00e7u pour fournir des informations d\u00e9taill\u00e9es sur la sant\u00e9 et l&rsquo;\u00e9tat de votre peau. Utilis\u00e9 par les dermatologues cor\u00e9ens pour des \u00e9tudes scientifiques, le MarkVu permet une comparaison pr\u00e9cise et rapide entre les r\u00e9sultats avant traitement et [&hellip;]<\/p>\n","protected":false},"author":1,"featured_media":0,"parent":29496,"menu_order":0,"comment_status":"closed","ping_status":"closed","template":"","meta":{"_acf_changed":false,"footnotes":""},"class_list":["post-29418","page","type-page","status-publish","hentry"],"acf":[],"_links":{"self":[{"href":"https:\/\/www.koreanskin.ch\/fr\/wp-json\/wp\/v2\/pages\/29418","targetHints":{"allow":["GET"]}}],"collection":[{"href":"https:\/\/www.koreanskin.ch\/fr\/wp-json\/wp\/v2\/pages"}],"about":[{"href":"https:\/\/www.koreanskin.ch\/fr\/wp-json\/wp\/v2\/types\/page"}],"author":[{"embeddable":true,"href":"https:\/\/www.koreanskin.ch\/fr\/wp-json\/wp\/v2\/users\/1"}],"replies":[{"embeddable":true,"href":"https:\/\/www.koreanskin.ch\/fr\/wp-json\/wp\/v2\/comments?post=29418"}],"version-history":[{"count":2,"href":"https:\/\/www.koreanskin.ch\/fr\/wp-json\/wp\/v2\/pages\/29418\/revisions"}],"predecessor-version":[{"id":30432,"href":"https:\/\/www.koreanskin.ch\/fr\/wp-json\/wp\/v2\/pages\/29418\/revisions\/30432"}],"up":[{"embeddable":true,"href":"https:\/\/www.koreanskin.ch\/fr\/wp-json\/wp\/v2\/pages\/29496"}],"wp:attachment":[{"href":"https:\/\/www.koreanskin.ch\/fr\/wp-json\/wp\/v2\/media?parent=29418"}],"curies":[{"name":"wp","href":"https:\/\/api.w.org\/{rel}","templated":true}]}}