{"id":29382,"date":"2024-06-05T06:13:49","date_gmt":"2024-06-05T04:13:49","guid":{"rendered":"https:\/\/www.koreanskin.ch\/treatments\/juvelook\/"},"modified":"2024-09-22T03:01:17","modified_gmt":"2024-09-22T01:01:17","slug":"juvelook","status":"publish","type":"page","link":"https:\/\/www.koreanskin.ch\/fr\/soins-de-la-peau-lasers\/juvelook\/","title":{"rendered":"Juvelook (PLLA cor\u00e9en)"},"content":{"rendered":"<p style=\"text-align: left;\">Juvelook est un traitement cosm\u00e9tique innovant con\u00e7u pour rajeunir la peau, r\u00e9duire les rides et am\u00e9liorer l&rsquo;esth\u00e9tique globale du visage. Cette proc\u00e9dure non chirurgicale utilise une technologie avanc\u00e9e pour offrir des r\u00e9sultats naturels et durables avec un minimum de temps d&rsquo;arr\u00eat. Il est le 4\u00e8me traitement le plus vendu en Cor\u00e9e et a \u00e9t\u00e9 \u00e9lu \u00ab\u00a0Booster de Peau de l&rsquo;Ann\u00e9e\u00a0\u00bb en 2022. Il dispose des certifications CE et FDA.<\/p>\n<h2>Technologie<\/h2>\n<p>Juvelook utilise une combinaison unique d&rsquo;acide hyaluronique et d&rsquo;un agent biostimulant (PDLLA : acide poly-D L-lactique) pour promouvoir la production de collag\u00e8ne et am\u00e9liorer l&rsquo;\u00e9lasticit\u00e9 de la peau. Le traitement fonctionne en injectant cette formulation dans des zones cibl\u00e9es, stimulant les processus r\u00e9g\u00e9n\u00e9ratifs naturels de la peau. Cette approche \u00e0 double action remplit non seulement les rides et ridules, mais am\u00e9liore \u00e9galement la structure et la fermet\u00e9 de la peau au fil du temps.<\/p>\n<h2>Qu&rsquo;est-ce que le PDLLA?<\/h2>\n<p>L&rsquo;acide poly-D, L-lactique (PDLLA) est un isom\u00e8re de l&rsquo;acide polylactique (PLA) dans lequel les formes D et L des acides lactiques sont li\u00e9es de mani\u00e8re al\u00e9atoire, maximisant la surface de contact impliqu\u00e9e dans la production de collag\u00e8ne.<\/p>\n<p>Le PDLLA est un polym\u00e8re extrait \u00e0 100 % de la nature et a \u00e9t\u00e9 approuv\u00e9 par la FDA pour une utilisation dans le corps humain.<\/p>\n<p>Le PDLLA, l&rsquo;isom\u00e8re le plus s\u00fbr et le plus biocompatible du PLA, permet la production de collag\u00e8ne de la mani\u00e8re la plus s\u00fbre gr\u00e2ce \u00e0 sa structure unique (forme sph\u00e9rique et mousseuse) qui peut \u00eatre compl\u00e8tement d\u00e9compos\u00e9e par le corps humain.<\/p>\n<p>Le PLA (acide polylactique) est un biomat\u00e9riau utilis\u00e9 pour les mat\u00e9riaux m\u00e9dicaux r\u00e9sorbables tels que les sutures chirurgicales et les implants orthop\u00e9diques. Il est produit par polym\u00e9risation de l&rsquo;acide lactique obtenu par fermentation de produits agricoles tels que le ma\u00efs ou la pomme de terre.<\/p>\n<h2>Zones trait\u00e9es et principales indications<\/h2>\n<p><strong>Juvelook est polyvalent et peut \u00eatre appliqu\u00e9 \u00e0 diverses zones du visage, notamment :<\/strong><\/p>\n<ul>\n<li>Lignes du front<\/li>\n<li>Pattes d&rsquo;oie<\/li>\n<li>Contour des yeux<\/li>\n<li>Plis nasog\u00e9niens<\/li>\n<li>Lignes de marionnette<\/li>\n<li>Joues<\/li>\n<li>Ligne de la m\u00e2choire<\/li>\n<li>Rides du cou<\/li>\n<\/ul>\n<h4>Avantages<\/h4>\n<ul>\n<li>Lisse les rides et ridules<\/li>\n<li>R\u00e9sultats durables gr\u00e2ce \u00e0 la stimulation du collag\u00e8ne<\/li>\n<li>Minimement invasif avec peu ou pas de temps d&rsquo;arr\u00eat<\/li>\n<li>R\u00e9duit les rougeurs<\/li>\n<li>Surface de la peau plus uniforme (cicatrices d&rsquo;acn\u00e9, vergetures, cicatrices postop\u00e9ratoires)<\/li>\n<\/ul>\n<h3>R\u00e9sultats<\/h3>\n<p>Les patients peuvent s&rsquo;attendre \u00e0 une am\u00e9lioration imm\u00e9diate de la douceur de la peau et \u00e0 une r\u00e9duction des rides. Les effets biostimulants atteignent leur maximum entre 4 et 6 semaines et continuent d&rsquo;am\u00e9liorer la qualit\u00e9 de la peau pendant plusieurs mois, avec des r\u00e9sultats pouvant durer jusqu&rsquo;\u00e0 un an ou plus, selon les caract\u00e9ristiques individuelles de la peau et les routines d&rsquo;entretien.<\/p>\n<h3>Contre-indications<\/h3>\n<p><strong>Juvelook peut ne pas convenir aux personnes avec :<\/strong><\/p>\n<ul>\n<li>Infections cutan\u00e9es actives<\/li>\n<li>Grossesse ou allaitement<\/li>\n<\/ul>\n<h3>Avant le traitement<\/h3>\n<p><strong>Avant de subir un traitement Juvelook :<\/strong><\/p>\n<ul>\n<li>\u00c9vitez l&rsquo;exposition excessive au soleil et les lits de bronzage pendant 1 semaine<\/li>\n<li>Arr\u00eatez l&rsquo;utilisation de r\u00e9tino\u00efdes et d&rsquo;autres produits exfoliants 2-3 jours avant<\/li>\n<li>Prenez Arnica 9 CH (5 granules, 5 fois par jour) 2 jours avant et 2 jours apr\u00e8s les traitements pour minimiser les ecchymoses<\/li>\n<\/ul>\n<h3>Proc\u00e9dure<\/h3>\n<p><strong>La proc\u00e9dure Juvelook implique :<\/strong><\/p>\n<ul>\n<li>Nettoyage de la zone \u00e0 traiter<\/li>\n<li>Injection d&rsquo;anesth\u00e9sie locale aux points d&rsquo;entr\u00e9e de la canule<\/li>\n<li>Administration des injections Juvelook \u00e0 l&rsquo;aide d&rsquo;une canule<\/li>\n<li>La proc\u00e9dure dure g\u00e9n\u00e9ralement entre 30 et 45 minutes, selon la zone trait\u00e9e<\/li>\n<\/ul>\n<h3>Apr\u00e8s le traitement<\/h3>\n<p><strong>Apr\u00e8s votre traitement Juvelook :<\/strong><\/p>\n<ul>\n<li>Prot\u00e9gez votre peau de l&rsquo;exposition au soleil avec un SPF pendant 3-4 jours<\/li>\n<li>Maintenez une routine de soins de la peau r\u00e9guli\u00e8re pour prolonger et am\u00e9liorer vos r\u00e9sultats<\/li>\n<\/ul>\n<h3>Complications<\/h3>\n<p>Bien que les complications soient rares, les effets secondaires possibles peuvent inclure rougeurs temporaires, gonflement ou ecchymoses au site de traitement. Ceux-ci se r\u00e9solvent g\u00e9n\u00e9ralement d&rsquo;eux-m\u00eames en quelques jours.<\/p>\n<h3>Traitements combinables avec Juvelook<\/h3>\n<p><strong>Am\u00e9liorez vos r\u00e9sultats en combinant les traitements Juvelook avec :<\/strong><\/p>\n<ul>\n<li>HIFU pour multiplier l&rsquo;effet liftant (avant les injections Juvelook)<\/li>\n<li>Exosomes<\/li>\n<li>Laser Pico<\/li>\n<\/ul>\n<p>D\u00e9couvrez le pouvoir transformateur des traitements Juvelook et r\u00e9v\u00e9lez votre beaut\u00e9 intemporelle. Contactez-nous d\u00e8s aujourd&rsquo;hui pour planifier votre consultation et commencez votre voyage vers une peau \u00e9clatante et jeune.<\/p>\n","protected":false},"excerpt":{"rendered":"<p>Juvelook est un traitement cosm\u00e9tique innovant con\u00e7u pour rajeunir la peau, r\u00e9duire les rides et am\u00e9liorer l&rsquo;esth\u00e9tique globale du visage. Cette proc\u00e9dure non chirurgicale utilise une technologie avanc\u00e9e pour offrir des r\u00e9sultats naturels et durables avec un minimum de temps d&rsquo;arr\u00eat. Il est le 4\u00e8me traitement le plus vendu en Cor\u00e9e et a \u00e9t\u00e9 \u00e9lu [&hellip;]<\/p>\n","protected":false},"author":1,"featured_media":29762,"parent":29496,"menu_order":0,"comment_status":"closed","ping_status":"closed","template":"","meta":{"_acf_changed":false,"footnotes":""},"class_list":["post-29382","page","type-page","status-publish","has-post-thumbnail","hentry"],"acf":[],"_links":{"self":[{"href":"https:\/\/www.koreanskin.ch\/fr\/wp-json\/wp\/v2\/pages\/29382","targetHints":{"allow":["GET"]}}],"collection":[{"href":"https:\/\/www.koreanskin.ch\/fr\/wp-json\/wp\/v2\/pages"}],"about":[{"href":"https:\/\/www.koreanskin.ch\/fr\/wp-json\/wp\/v2\/types\/page"}],"author":[{"embeddable":true,"href":"https:\/\/www.koreanskin.ch\/fr\/wp-json\/wp\/v2\/users\/1"}],"replies":[{"embeddable":true,"href":"https:\/\/www.koreanskin.ch\/fr\/wp-json\/wp\/v2\/comments?post=29382"}],"version-history":[{"count":3,"href":"https:\/\/www.koreanskin.ch\/fr\/wp-json\/wp\/v2\/pages\/29382\/revisions"}],"predecessor-version":[{"id":30426,"href":"https:\/\/www.koreanskin.ch\/fr\/wp-json\/wp\/v2\/pages\/29382\/revisions\/30426"}],"up":[{"embeddable":true,"href":"https:\/\/www.koreanskin.ch\/fr\/wp-json\/wp\/v2\/pages\/29496"}],"wp:featuredmedia":[{"embeddable":true,"href":"https:\/\/www.koreanskin.ch\/fr\/wp-json\/wp\/v2\/media\/29762"}],"wp:attachment":[{"href":"https:\/\/www.koreanskin.ch\/fr\/wp-json\/wp\/v2\/media?parent=29382"}],"curies":[{"name":"wp","href":"https:\/\/api.w.org\/{rel}","templated":true}]}}