{"id":29353,"date":"2024-06-04T09:27:41","date_gmt":"2024-06-04T07:27:41","guid":{"rendered":"https:\/\/www.koreanskin.ch\/treatments\/multimodal-led-therapy\/"},"modified":"2024-09-22T03:04:34","modified_gmt":"2024-09-22T01:04:34","slug":"therapie-led-multimodale","status":"publish","type":"page","link":"https:\/\/www.koreanskin.ch\/fr\/soins-de-la-peau-lasers\/therapie-led-multimodale\/","title":{"rendered":"Th\u00e9rapie LED cor\u00e9enne"},"content":{"rendered":"<p style=\"text-align: left;\">La th\u00e9rapie LED multimodale est un traitement avanc\u00e9 pour le soin de la peau qui utilise des longueurs d&rsquo;onde sp\u00e9cifiques de lumi\u00e8re pour cibler divers probl\u00e8mes cutan\u00e9s, allant de l&rsquo;acn\u00e9 aux signes de vieillissement.<\/p>\n<p>Cet appareil fonctionne en \u00e9mettant une \u00e9nergie lumineuse de faible intensit\u00e9, ce qui stimule l&rsquo;activit\u00e9 cellulaire et la production de collag\u00e8ne, r\u00e9duit l&rsquo;inflammation et favorise le rajeunissement de la peau. Offrant sept types de combinaisons de lumi\u00e8re avec diff\u00e9rentes longueurs d&rsquo;onde (rouge, bleu, jaune, vert, rouge+bleu, rouge+jaune, rouge+infrarouge), la th\u00e9rapie LED multimodale est efficace pour traiter:<\/p>\n<ul>\n<li>L&rsquo;acn\u00e9<\/li>\n<li>Les ridules et les rides<\/li>\n<li>Les dommages caus\u00e9s par le soleil et l&rsquo;hyperpigmentation<\/li>\n<li>La rosac\u00e9e et les rougeurs<\/li>\n<li>Les pores dilat\u00e9s<\/li>\n<li>Les gonflements postop\u00e9ratoires<\/li>\n<li>La cicatrisation des plaies<\/li>\n<\/ul>\n<p>Cet appareil est un traitement de soin de la peau polyvalent et efficace qui peut traiter une large gamme de probl\u00e8mes cutan\u00e9s et offrir des soins efficaces apr\u00e8s un laser ou une chirurgie.<\/p>\n<p>&nbsp;<\/p>\n<p><img loading=\"lazy\" decoding=\"async\" class=\"alignnone size-medium wp-image-30231\" src=\"https:\/\/www.koreanskin.ch\/wp-content\/uploads\/2024\/08\/IMG_20240605_140450_277-298x300.jpg\" alt=\"\" width=\"298\" height=\"300\" srcset=\"https:\/\/www.koreanskin.ch\/wp-content\/uploads\/2024\/08\/IMG_20240605_140450_277-298x300.jpg 298w, https:\/\/www.koreanskin.ch\/wp-content\/uploads\/2024\/08\/IMG_20240605_140450_277-1017x1024.jpg 1017w, https:\/\/www.koreanskin.ch\/wp-content\/uploads\/2024\/08\/IMG_20240605_140450_277-150x150.jpg 150w, https:\/\/www.koreanskin.ch\/wp-content\/uploads\/2024\/08\/IMG_20240605_140450_277-768x773.jpg 768w, https:\/\/www.koreanskin.ch\/wp-content\/uploads\/2024\/08\/IMG_20240605_140450_277.jpg 1080w\" sizes=\"auto, (max-width: 298px) 100vw, 298px\" \/><\/p>\n","protected":false},"excerpt":{"rendered":"<p>La th\u00e9rapie LED multimodale est un traitement avanc\u00e9 pour le soin de la peau qui utilise des longueurs d&rsquo;onde sp\u00e9cifiques de lumi\u00e8re pour cibler divers probl\u00e8mes cutan\u00e9s, allant de l&rsquo;acn\u00e9 aux signes de vieillissement. Cet appareil fonctionne en \u00e9mettant une \u00e9nergie lumineuse de faible intensit\u00e9, ce qui stimule l&rsquo;activit\u00e9 cellulaire et la production de collag\u00e8ne, [&hellip;]<\/p>\n","protected":false},"author":1,"featured_media":29351,"parent":29496,"menu_order":0,"comment_status":"closed","ping_status":"closed","template":"","meta":{"_acf_changed":false,"footnotes":""},"class_list":["post-29353","page","type-page","status-publish","has-post-thumbnail","hentry"],"acf":[],"_links":{"self":[{"href":"https:\/\/www.koreanskin.ch\/fr\/wp-json\/wp\/v2\/pages\/29353","targetHints":{"allow":["GET"]}}],"collection":[{"href":"https:\/\/www.koreanskin.ch\/fr\/wp-json\/wp\/v2\/pages"}],"about":[{"href":"https:\/\/www.koreanskin.ch\/fr\/wp-json\/wp\/v2\/types\/page"}],"author":[{"embeddable":true,"href":"https:\/\/www.koreanskin.ch\/fr\/wp-json\/wp\/v2\/users\/1"}],"replies":[{"embeddable":true,"href":"https:\/\/www.koreanskin.ch\/fr\/wp-json\/wp\/v2\/comments?post=29353"}],"version-history":[{"count":2,"href":"https:\/\/www.koreanskin.ch\/fr\/wp-json\/wp\/v2\/pages\/29353\/revisions"}],"predecessor-version":[{"id":30431,"href":"https:\/\/www.koreanskin.ch\/fr\/wp-json\/wp\/v2\/pages\/29353\/revisions\/30431"}],"up":[{"embeddable":true,"href":"https:\/\/www.koreanskin.ch\/fr\/wp-json\/wp\/v2\/pages\/29496"}],"wp:featuredmedia":[{"embeddable":true,"href":"https:\/\/www.koreanskin.ch\/fr\/wp-json\/wp\/v2\/media\/29351"}],"wp:attachment":[{"href":"https:\/\/www.koreanskin.ch\/fr\/wp-json\/wp\/v2\/media?parent=29353"}],"curies":[{"name":"wp","href":"https:\/\/api.w.org\/{rel}","templated":true}]}}