{"id":29300,"date":"2024-06-03T12:12:34","date_gmt":"2024-06-03T10:12:34","guid":{"rendered":"https:\/\/www.koreanskin.ch\/treatments\/zo-skin-health\/"},"modified":"2024-06-14T14:05:06","modified_gmt":"2024-06-14T12:05:06","slug":"zo-skin-health","status":"publish","type":"page","link":"https:\/\/www.koreanskin.ch\/fr\/cosmetiques-coreens-et-americains\/zo-skin-health\/","title":{"rendered":"ZO Skin Health"},"content":{"rendered":"<p>ZO Skin Health, fond\u00e9e par le dermatologue de renomm\u00e9e mondiale Dr. Zein Obagi, est une marque de soins de la peau de premier plan d\u00e9di\u00e9e \u00e0 combler le foss\u00e9 entre les traitements th\u00e9rapeutiques et les soins quotidiens de la peau. Avec pour mission de cr\u00e9er et de maintenir une peau saine \u00e0 vie, ZO Skin Health propose des solutions compl\u00e8tes bas\u00e9es sur la science de pointe et l&rsquo;expertise approfondie du Dr. Obagi en dermatologie.<\/p>\n<p><img loading=\"lazy\" decoding=\"async\" class=\"alignright wp-image-29295\" src=\"https:\/\/www.koreanskin.ch\/wp-content\/uploads\/2024\/06\/ZO.jpeg\" alt=\"ZO Skin Health\" width=\"450\" height=\"450\" srcset=\"https:\/\/www.koreanskin.ch\/wp-content\/uploads\/2024\/06\/ZO.jpeg 1000w, https:\/\/www.koreanskin.ch\/wp-content\/uploads\/2024\/06\/ZO-300x300.jpeg 300w, https:\/\/www.koreanskin.ch\/wp-content\/uploads\/2024\/06\/ZO-150x150.jpeg 150w, https:\/\/www.koreanskin.ch\/wp-content\/uploads\/2024\/06\/ZO-768x768.jpeg 768w\" sizes=\"auto, (max-width: 450px) 100vw, 450px\" \/>La philosophie de la marque repose sur le concept de cr\u00e9er et de maintenir une peau saine, plut\u00f4t que de simplement traiter les maladies et les dommages. Les produits ZO Skin Health sont con\u00e7us pour am\u00e9liorer la fonction de la peau, renforcer la protection de la barri\u00e8re et offrir des avantages optimaux pour les soins de la peau. La gamme compl\u00e8te de la marque traite divers probl\u00e8mes de peau, notamment le vieillissement, la pigmentation, l&rsquo;acn\u00e9 et la sensibilit\u00e9, ce qui en fait un choix de confiance pour les consommateurs et les professionnels.<\/p>\n<p>Les formulations de ZO Skin Health comprennent des ingr\u00e9dients \u00e0 haute efficacit\u00e9, y compris des peptides avanc\u00e9s, des r\u00e9tinols et des antioxydants, garantissant une efficacit\u00e9 maximale. Les syst\u00e8mes et protocoles de la marque, tels que le ZO Skin Health Circle, offrent une approche structur\u00e9e pour obtenir et maintenir une peau saine, en mettant l&rsquo;accent sur la pr\u00e9vention, la correction et la protection. ZO Skin Health est vendue en Suisse et dans la plupart des pays uniquement dans les centres m\u00e9dicaux et les cliniques, en raison de la haute concentration d&rsquo;ingr\u00e9dients actifs.<\/p>\n<p>L&rsquo;un des produits phares est le Daily Power Defense, un puissant s\u00e9rum antioxydant qui aide \u00e0 r\u00e9parer les cellules endommag\u00e9es et \u00e0 renforcer la barri\u00e8re protectrice de la peau. Parmi les autres produits populaires, citons l&rsquo;Exfoliating Polish, qui favorise le renouvellement cellulaire pour un teint plus lisse, et le Growth Factor Serum, qui soutient la r\u00e9g\u00e9n\u00e9ration de la peau et r\u00e9duit l&rsquo;apparence des rides et ridules.<\/p>\n<p>Engag\u00e9 \u00e0 faire progresser la science de la sant\u00e9 de la peau, ZO Skin Health innove et fait \u00e9voluer en permanence sa gamme de produits, en int\u00e9grant les derni\u00e8res recherches et technologies. La marque est \u00e9galement reconnue pour ses initiatives \u00e9ducatives, offrant formation et soutien aux professionnels des soins de la peau pour optimiser les r\u00e9sultats des patients.<\/p>\n<p>En combinant l&rsquo;approche visionnaire du Dr. Obagi avec des formulations ultramodernes, ZO Skin Health permet aux individus d&rsquo;obtenir une peau saine et radieuse \u00e0 tout \u00e2ge. Que ce soit pour traiter des pr\u00e9occupations sp\u00e9cifiques ou pour rechercher un r\u00e9gime complet de soins de la peau, ZO Skin Health offre des solutions sur mesure pour vous aider \u00e0 atteindre vos objectifs de sant\u00e9 de la peau.<\/p>\n","protected":false},"excerpt":{"rendered":"<p>ZO Skin Health, fond\u00e9e par le dermatologue de renomm\u00e9e mondiale Dr. Zein Obagi, est une marque de soins de la peau de premier plan d\u00e9di\u00e9e \u00e0 combler le foss\u00e9 entre les traitements th\u00e9rapeutiques et les soins quotidiens de la peau. Avec pour mission de cr\u00e9er et de maintenir une peau saine \u00e0 vie, ZO Skin [&hellip;]<\/p>\n","protected":false},"author":1,"featured_media":29788,"parent":29485,"menu_order":0,"comment_status":"closed","ping_status":"closed","template":"","meta":{"_acf_changed":false,"footnotes":""},"class_list":["post-29300","page","type-page","status-publish","has-post-thumbnail","hentry"],"acf":[],"_links":{"self":[{"href":"https:\/\/www.koreanskin.ch\/fr\/wp-json\/wp\/v2\/pages\/29300","targetHints":{"allow":["GET"]}}],"collection":[{"href":"https:\/\/www.koreanskin.ch\/fr\/wp-json\/wp\/v2\/pages"}],"about":[{"href":"https:\/\/www.koreanskin.ch\/fr\/wp-json\/wp\/v2\/types\/page"}],"author":[{"embeddable":true,"href":"https:\/\/www.koreanskin.ch\/fr\/wp-json\/wp\/v2\/users\/1"}],"replies":[{"embeddable":true,"href":"https:\/\/www.koreanskin.ch\/fr\/wp-json\/wp\/v2\/comments?post=29300"}],"version-history":[{"count":0,"href":"https:\/\/www.koreanskin.ch\/fr\/wp-json\/wp\/v2\/pages\/29300\/revisions"}],"up":[{"embeddable":true,"href":"https:\/\/www.koreanskin.ch\/fr\/wp-json\/wp\/v2\/pages\/29485"}],"wp:featuredmedia":[{"embeddable":true,"href":"https:\/\/www.koreanskin.ch\/fr\/wp-json\/wp\/v2\/media\/29788"}],"wp:attachment":[{"href":"https:\/\/www.koreanskin.ch\/fr\/wp-json\/wp\/v2\/media?parent=29300"}],"curies":[{"name":"wp","href":"https:\/\/api.w.org\/{rel}","templated":true}]}}