{"id":29266,"date":"2024-06-03T11:42:30","date_gmt":"2024-06-03T09:42:30","guid":{"rendered":"https:\/\/www.koreanskin.ch\/treatments\/asce-exobalm-cream\/"},"modified":"2024-09-22T03:00:00","modified_gmt":"2024-09-22T01:00:00","slug":"creme-asce-exobalm","status":"publish","type":"page","link":"https:\/\/www.koreanskin.ch\/fr\/cosmetiques-coreens-et-americains\/creme-asce-exobalm\/","title":{"rendered":"Cr\u00e8me cor\u00e9enne Exosomes ASCE+ ExoBalm"},"content":{"rendered":"<h2>Cr\u00e8me ASCE+ : Solution r\u00e9volutionnaire en mati\u00e8re de soins de la peau<\/h2>\n<p><img loading=\"lazy\" decoding=\"async\" class=\"wp-image-29259 alignright\" src=\"https:\/\/www.koreanskin.ch\/wp-content\/uploads\/2024\/06\/ASCE-cream.png\" alt=\"ASCE Cream\" width=\"343\" height=\"492\" srcset=\"https:\/\/www.koreanskin.ch\/wp-content\/uploads\/2024\/06\/ASCE-cream.png 700w, https:\/\/www.koreanskin.ch\/wp-content\/uploads\/2024\/06\/ASCE-cream-209x300.png 209w\" sizes=\"auto, (max-width: 343px) 100vw, 343px\" \/><\/p>\n<p>La cr\u00e8me ASCE+ am\u00e9liore consid\u00e9rablement la peau endommag\u00e9e et r\u00e9duit le temps de r\u00e9cup\u00e9ration avec des effets de gu\u00e9rison durables apr\u00e8s divers traitements dermatologiques. Comprend :<\/p>\n<p>ASCE+ ExoBalm est enrichie de 2,5 milliards d&rsquo;exosomes, 5 facteurs de croissance, 6 peptides, NAD+, acide tranexamique et glutathion pour le rajeunissement et l&rsquo;\u00e9claircissement de la peau.<\/p>\n<p>ASCEplus ExoBalm est un soin r\u00e9volutionnaire post-proc\u00e9dure pour une gu\u00e9rison rapide de la peau apr\u00e8s une proc\u00e9dure laser et une chirurgie plastique. ASCEplus ExoBalm peut \u00e9galement \u00eatre utilis\u00e9 comme un traitement intensif \u00e0 domicile pour le rajeunissement du visage et des yeux.<\/p>\n<p>Cette solution innovante de soins de la peau est m\u00e9ticuleusement con\u00e7ue pour vous offrir une exp\u00e9rience unique et personnalis\u00e9e, garantissant que votre peau re\u00e7oive les soins et l&rsquo;attention qu&rsquo;elle m\u00e9rite.<\/p>\n<p>Avec un m\u00e9lange de technologie cor\u00e9enne de pointe et des meilleurs ingr\u00e9dients naturels, ASCE+ ExoBalm promet de revitaliser votre teint, d&rsquo;am\u00e9liorer sa texture et de vous laisser un \u00e9clat lumineux tout simplement irr\u00e9sistible. L&rsquo;avenir des soins de la peau est ici, et il est \u00e0 votre port\u00e9e.<\/p>\n","protected":false},"excerpt":{"rendered":"<p>Cr\u00e8me ASCE+ : Solution r\u00e9volutionnaire en mati\u00e8re de soins de la peau La cr\u00e8me ASCE+ am\u00e9liore consid\u00e9rablement la peau endommag\u00e9e et r\u00e9duit le temps de r\u00e9cup\u00e9ration avec des effets de gu\u00e9rison durables apr\u00e8s divers traitements dermatologiques. Comprend : ASCE+ ExoBalm est enrichie de 2,5 milliards d&rsquo;exosomes, 5 facteurs de croissance, 6 peptides, NAD+, acide tranexamique [&hellip;]<\/p>\n","protected":false},"author":1,"featured_media":29262,"parent":29485,"menu_order":0,"comment_status":"closed","ping_status":"closed","template":"","meta":{"_acf_changed":false,"footnotes":""},"class_list":["post-29266","page","type-page","status-publish","has-post-thumbnail","hentry"],"acf":[],"_links":{"self":[{"href":"https:\/\/www.koreanskin.ch\/fr\/wp-json\/wp\/v2\/pages\/29266","targetHints":{"allow":["GET"]}}],"collection":[{"href":"https:\/\/www.koreanskin.ch\/fr\/wp-json\/wp\/v2\/pages"}],"about":[{"href":"https:\/\/www.koreanskin.ch\/fr\/wp-json\/wp\/v2\/types\/page"}],"author":[{"embeddable":true,"href":"https:\/\/www.koreanskin.ch\/fr\/wp-json\/wp\/v2\/users\/1"}],"replies":[{"embeddable":true,"href":"https:\/\/www.koreanskin.ch\/fr\/wp-json\/wp\/v2\/comments?post=29266"}],"version-history":[{"count":1,"href":"https:\/\/www.koreanskin.ch\/fr\/wp-json\/wp\/v2\/pages\/29266\/revisions"}],"predecessor-version":[{"id":30424,"href":"https:\/\/www.koreanskin.ch\/fr\/wp-json\/wp\/v2\/pages\/29266\/revisions\/30424"}],"up":[{"embeddable":true,"href":"https:\/\/www.koreanskin.ch\/fr\/wp-json\/wp\/v2\/pages\/29485"}],"wp:featuredmedia":[{"embeddable":true,"href":"https:\/\/www.koreanskin.ch\/fr\/wp-json\/wp\/v2\/media\/29262"}],"wp:attachment":[{"href":"https:\/\/www.koreanskin.ch\/fr\/wp-json\/wp\/v2\/media?parent=29266"}],"curies":[{"name":"wp","href":"https:\/\/api.w.org\/{rel}","templated":true}]}}