{"id":29085,"date":"2024-04-20T08:53:37","date_gmt":"2024-04-20T06:53:37","guid":{"rendered":"https:\/\/www.koreanskin.ch\/about-us\/"},"modified":"2026-05-04T20:27:14","modified_gmt":"2026-05-04T18:27:14","slug":"a-propos","status":"publish","type":"page","link":"https:\/\/www.koreanskin.ch\/fr\/a-propos\/","title":{"rendered":"\u00c0 propos"},"content":{"rendered":"<div id=\"pl-29085\"  class=\"panel-layout\" ><div id=\"pg-29085-0\"  class=\"panel-grid panel-has-style\" ><div class=\"panel-row-style panel-row-style-for-29085-0\" ><div id=\"pgc-29085-0-0\"  class=\"panel-grid-cell\" ><div id=\"panel-29085-0-0-0\" class=\"so-panel widget widget_text panel-first-child panel-last-child\" data-index=\"0\" ><h3 class=\"widget-title\">Dr Lucas, fondateur et directeur m\u00e9dical de Korean Skin<\/h3>\t\t\t<div class=\"textwidget\"><p><img loading=\"lazy\" decoding=\"async\" class=\"alignnone size-medium wp-image-30899\" src=\"https:\/\/www.koreanskin.ch\/wp-content\/uploads\/2026\/05\/9A9A90701-1-200x300.jpg\" alt=\"\" width=\"200\" height=\"300\" srcset=\"https:\/\/www.koreanskin.ch\/wp-content\/uploads\/2026\/05\/9A9A90701-1-200x300.jpg 200w, https:\/\/www.koreanskin.ch\/wp-content\/uploads\/2026\/05\/9A9A90701-1-683x1024.jpg 683w, https:\/\/www.koreanskin.ch\/wp-content\/uploads\/2026\/05\/9A9A90701-1-768x1152.jpg 768w, https:\/\/www.koreanskin.ch\/wp-content\/uploads\/2026\/05\/9A9A90701-1-1024x1536.jpg 1024w, https:\/\/www.koreanskin.ch\/wp-content\/uploads\/2026\/05\/9A9A90701-1-1366x2048.jpg 1366w, https:\/\/www.koreanskin.ch\/wp-content\/uploads\/2026\/05\/9A9A90701-1-scaled.jpg 1707w\" sizes=\"auto, (max-width: 200px) 100vw, 200px\" \/><\/p>\n<p>&nbsp;<\/p>\n<p>Dr. Lucas, n\u00e9 \u00e0 S\u00e9oul, la capitale mondiale de la chirurgie esth\u00e9tique, de nationalit\u00e9 Suisse,<span class=\"Apple-converted-space\">\u00a0 <\/span>est principalement form\u00e9 \u00e0 l\u2019 H\u00f4pital Universitaire de Lausanne (CHUV). En tant qu&rsquo;ancien chef de clinique, le Dr Lucas est titulaire d&rsquo;une double certification du FMH en chirurgie reconstructive et esth\u00e9tique et de l&rsquo;EBOPRAS dans les m\u00eames disciplines. Sa formation approfondie comprend des s\u00e9jours dans les cliniques de renom \u00e0 Paris, Lyon, Monaco, S\u00e9oul, Bangkok et Duba\u00ef. En 2020, il a \u00e9tabli son cabinet \u00e0 Gen\u00e8ve, se sp\u00e9cialisant dans la chirurgie esth\u00e9tique du visage, des seins, du corps et intime, ainsi que dans la m\u00e9decine esth\u00e9tique avanc\u00e9e.<\/p>\n<p>Le Dr Lucas se distingue par son ambidextrie et son d\u00e9vouement fervent \u00e0 la chirurgie esth\u00e9tique, actualisant continuellement ses connaissances avec les derni\u00e8res avanc\u00e9es des autorit\u00e9s mondiales telles que l&rsquo;ISAPS (Soci\u00e9t\u00e9 internationale de chirurgie esth\u00e9tique), le KCCS et le KSAPS (Soci\u00e9t\u00e9s de chirurgie esth\u00e9tique cor\u00e9ennes).<\/p>\n<p>&nbsp;<\/p>\n<p><img loading=\"lazy\" decoding=\"async\" class=\"alignnone size-medium wp-image-30871\" src=\"https:\/\/www.koreanskin.ch\/wp-content\/uploads\/2026\/05\/Screenshot_20260503_143758_Instagram-227x300.jpg\" alt=\"\" width=\"227\" height=\"300\" srcset=\"https:\/\/www.koreanskin.ch\/wp-content\/uploads\/2026\/05\/Screenshot_20260503_143758_Instagram-227x300.jpg 227w, https:\/\/www.koreanskin.ch\/wp-content\/uploads\/2026\/05\/Screenshot_20260503_143758_Instagram-773x1024.jpg 773w, https:\/\/www.koreanskin.ch\/wp-content\/uploads\/2026\/05\/Screenshot_20260503_143758_Instagram-768x1017.jpg 768w, https:\/\/www.koreanskin.ch\/wp-content\/uploads\/2026\/05\/Screenshot_20260503_143758_Instagram.jpg 1080w\" sizes=\"auto, (max-width: 227px) 100vw, 227px\" \/><\/p>\n<p>&nbsp;<\/p>\n<h2>La g\u00e9n\u00e8se de Korean Skin<\/h2>\n<h4><em>\u201cL&rsquo;excellence cor\u00e9enne en esth\u00e9tique avec les standards Suisses\u00a0\u00bb<\/em><\/h4>\n<p>Le concept innovant de Korean Skin est n\u00e9 en 2018 lors d\u2019une des visites du Dr Lucas dans son pays natal, la Cor\u00e9e du Sud. R\u00e9put\u00e9e pour sa pr\u00e9dominance sur le march\u00e9 de la chirurgie esth\u00e9tique, la Cor\u00e9e du Sud d\u00e9tient une part de 25% de l&rsquo;industrie mondiale. Une Cor\u00e9enne sur cinq a subi une chirurgie plastique, tandis que ce chiffre est d&rsquo;une sur vingt aux \u00c9tats-Unis. Selon les donn\u00e9es de l&rsquo;ISEPS de 2021, la Cor\u00e9e du Sud enregistre le nombre le plus \u00e9lev\u00e9 de proc\u00e9dures de chirurgie esth\u00e9tique par habitant dans le monde.<\/p>\n<\/div>\n\t\t<\/div><\/div><div id=\"pgc-29085-0-1\"  class=\"panel-grid-cell\" ><div id=\"panel-29085-0-1-0\" class=\"so-panel widget widget_media_video panel-first-child panel-last-child\" data-index=\"1\" ><div class=\"panel-widget-style panel-widget-style-for-29085-0-1-0\" ><div style=\"width:100%;\" class=\"wp-video\"><video class=\"wp-video-shortcode\" id=\"video-29085-1\" preload=\"auto\" controls=\"controls\"><source type=\"video\/mp4\" src=\"https:\/\/www.koreanskin.ch\/wp-content\/uploads\/2025\/07\/VID_20250724_045921_263.mp4?_=1\" \/><source type=\"video\/mp4\" src=\"https:\/\/www.koreanskin.ch\/wp-content\/uploads\/2025\/07\/VID_20250724_045921_263.mp4?_=1\" \/><a href=\"https:\/\/www.koreanskin.ch\/wp-content\/uploads\/2025\/07\/VID_20250724_045921_263.mp4\">https:\/\/www.koreanskin.ch\/wp-content\/uploads\/2025\/07\/VID_20250724_045921_263.mp4<\/a><\/video><\/div><\/div><\/div><\/div><\/div><\/div><div id=\"pg-29085-1\"  class=\"panel-grid panel-no-style\" ><div id=\"pgc-29085-1-0\"  class=\"panel-grid-cell panel-grid-cell-empty\" ><\/div><div id=\"pgc-29085-1-1\"  class=\"panel-grid-cell\" ><div id=\"panel-29085-1-1-0\" class=\"so-panel widget widget_text panel-first-child panel-last-child\" data-index=\"2\" >\t\t\t<div class=\"textwidget\"><p><img loading=\"lazy\" decoding=\"async\" class=\"alignnone size-full wp-image-30627\" src=\"https:\/\/www.koreanskin.ch\/wp-content\/uploads\/2025\/03\/Seou-tradition.jpeg\" alt=\"\" width=\"294\" height=\"171\" \/><\/p>\n<p>En Cor\u00e9e du Sud, le soin de la peau transcende la simple routine pour devenir un mode de vie. Les produits de beaut\u00e9 cor\u00e9ens (\u00ab\u00a0K-Beauty\u00a0\u00bb) sont v\u00e9n\u00e9r\u00e9s pour leur incorporation de technologies de pointe telles que la microencapsulation, la nanotechnologie et la bio-ing\u00e9nierie. Ces avanc\u00e9es am\u00e9liorent consid\u00e9rablement la distribution et l&rsquo;efficacit\u00e9 des principes actifs, donnant ainsi des produits aux r\u00e9sultats visibles et tangibles. La technologie laser cor\u00e9enne, fruit de recherches scientifiques et d&rsquo;ing\u00e9nierie rigoureuses, r\u00e9pond au volume de demande \u00e9lev\u00e9e de la population.<\/p>\n<p><img loading=\"lazy\" decoding=\"async\" class=\"alignnone size-full wp-image-30629\" src=\"https:\/\/www.koreanskin.ch\/wp-content\/uploads\/2025\/03\/Seoul-modern.jpeg\" alt=\"\" width=\"275\" height=\"183\" \/><\/p>\n<p>En 2024, le Dr Lucas a lanc\u00e9 Korean Skin en Suisse, un concept unique en Europe, visant \u00e0 offrir le summum des soins de peau cor\u00e9ens, des traitements au laser et des cosm\u00e9tiques \u00e0 la population Suisse, tous adapt\u00e9s aux normes r\u00e9glementaires suisses. La proposition unique de Korean Skin r\u00e9side dans son int\u00e9gration de multiples traitements cor\u00e9ens, ce qui amplifie leur efficacit\u00e9 tout en r\u00e9duisant les temps d&rsquo;arr\u00eat. Cette approche offre une exp\u00e9rience esth\u00e9tique sans pareille, positionnant Korean Skin comme une destination de premier plan pour les soins de la peau avanc\u00e9s en Suisse et en Europe.<\/p>\n<p>&nbsp;<\/p>\n<h2>Equipe<\/h2>\n<p>&nbsp;<\/p>\n<p><img loading=\"lazy\" decoding=\"async\" class=\"alignnone size-medium wp-image-30154\" src=\"https:\/\/www.koreanskin.ch\/wp-content\/uploads\/2024\/07\/Screenshot_20240718_001400_Instagram-191x300.jpg\" alt=\"\" width=\"191\" height=\"300\" srcset=\"https:\/\/www.koreanskin.ch\/wp-content\/uploads\/2024\/07\/Screenshot_20240718_001400_Instagram-191x300.jpg 191w, https:\/\/www.koreanskin.ch\/wp-content\/uploads\/2024\/07\/Screenshot_20240718_001400_Instagram-653x1024.jpg 653w, https:\/\/www.koreanskin.ch\/wp-content\/uploads\/2024\/07\/Screenshot_20240718_001400_Instagram-768x1204.jpg 768w, https:\/\/www.koreanskin.ch\/wp-content\/uploads\/2024\/07\/Screenshot_20240718_001400_Instagram-980x1536.jpg 980w, https:\/\/www.koreanskin.ch\/wp-content\/uploads\/2024\/07\/Screenshot_20240718_001400_Instagram-1306x2048.jpg 1306w, https:\/\/www.koreanskin.ch\/wp-content\/uploads\/2024\/07\/Screenshot_20240718_001400_Instagram-scaled.jpg 1633w\" sizes=\"auto, (max-width: 191px) 100vw, 191px\" \/><\/p>\n<p>Laura, infirmi\u00e8re de bloc op\u00e9ratoire, th\u00e9rapeute soins de peau et laser<\/p>\n<p>&nbsp;<\/p>\n<figure id=\"attachment_30523\" aria-describedby=\"caption-attachment-30523\" style=\"width: 207px\" class=\"wp-caption alignnone\"><img loading=\"lazy\" decoding=\"async\" class=\"size-medium wp-image-30523\" src=\"https:\/\/www.koreanskin.ch\/wp-content\/uploads\/2025\/01\/Point-Blur_Jan212025_114758-207x300.jpg\" alt=\"\" width=\"207\" height=\"300\" srcset=\"https:\/\/www.koreanskin.ch\/wp-content\/uploads\/2025\/01\/Point-Blur_Jan212025_114758-207x300.jpg 207w, https:\/\/www.koreanskin.ch\/wp-content\/uploads\/2025\/01\/Point-Blur_Jan212025_114758-707x1024.jpg 707w, https:\/\/www.koreanskin.ch\/wp-content\/uploads\/2025\/01\/Point-Blur_Jan212025_114758-768x1112.jpg 768w, https:\/\/www.koreanskin.ch\/wp-content\/uploads\/2025\/01\/Point-Blur_Jan212025_114758-1061x1536.jpg 1061w, https:\/\/www.koreanskin.ch\/wp-content\/uploads\/2025\/01\/Point-Blur_Jan212025_114758-1415x2048.jpg 1415w, https:\/\/www.koreanskin.ch\/wp-content\/uploads\/2025\/01\/Point-Blur_Jan212025_114758-scaled.jpg 1768w\" sizes=\"auto, (max-width: 207px) 100vw, 207px\" \/><figcaption id=\"caption-attachment-30523\" class=\"wp-caption-text\">Sandra, Manager de la clinique<\/figcaption><\/figure>\n<p>&nbsp;<\/p>\n<p><img loading=\"lazy\" decoding=\"async\" class=\"alignnone size-medium wp-image-30824\" src=\"https:\/\/www.koreanskin.ch\/wp-content\/uploads\/2025\/11\/Screenshot_20251114_133819_Drive-207x300.jpg\" alt=\"\" width=\"207\" height=\"300\" \/><\/p>\n<p>Anouk, r\u00e9ceptionniste- accueil<\/p>\n<p>&nbsp;<\/p>\n<div style=\"width: 1080px;\" class=\"wp-video\"><video class=\"wp-video-shortcode\" id=\"video-0-2\" preload=\"metadata\" controls=\"controls\"><source type=\"video\/mp4\" src=\"https:\/\/www.koreanskin.ch\/wp-content\/uploads\/2026\/05\/VID_20260503_054257_581.mp4?_=2\" \/><a href=\"https:\/\/www.koreanskin.ch\/wp-content\/uploads\/2026\/05\/VID_20260503_054257_581.mp4\">https:\/\/www.koreanskin.ch\/wp-content\/uploads\/2026\/05\/VID_20260503_054257_581.mp4<\/a><\/video><\/div>\n<p>&nbsp;<\/p>\n<figure id=\"attachment_30888\" aria-describedby=\"caption-attachment-30888\" style=\"width: 300px\" class=\"wp-caption alignnone\"><img loading=\"lazy\" decoding=\"async\" class=\"size-medium wp-image-30888\" src=\"https:\/\/www.koreanskin.ch\/wp-content\/uploads\/2026\/05\/Screenshot_20260503_143825_Instagram-300x263.jpg\" alt=\"\" width=\"300\" height=\"263\" srcset=\"https:\/\/www.koreanskin.ch\/wp-content\/uploads\/2026\/05\/Screenshot_20260503_143825_Instagram-300x263.jpg 300w, https:\/\/www.koreanskin.ch\/wp-content\/uploads\/2026\/05\/Screenshot_20260503_143825_Instagram-1024x899.jpg 1024w, https:\/\/www.koreanskin.ch\/wp-content\/uploads\/2026\/05\/Screenshot_20260503_143825_Instagram-768x674.jpg 768w, https:\/\/www.koreanskin.ch\/wp-content\/uploads\/2026\/05\/Screenshot_20260503_143825_Instagram.jpg 1080w\" sizes=\"auto, (max-width: 300px) 100vw, 300px\" \/><figcaption id=\"caption-attachment-30888\" class=\"wp-caption-text\">with Cristina Cordula, Brazilian and French TV presenter<\/figcaption><\/figure>\n<p>&nbsp;<\/p>\n<figure id=\"attachment_30889\" aria-describedby=\"caption-attachment-30889\" style=\"width: 300px\" class=\"wp-caption alignnone\"><img loading=\"lazy\" decoding=\"async\" class=\"size-medium wp-image-30889\" src=\"https:\/\/www.koreanskin.ch\/wp-content\/uploads\/2026\/05\/Screenshot_20260503_143830_Instagram-300x279.jpg\" alt=\"\" width=\"300\" height=\"279\" srcset=\"https:\/\/www.koreanskin.ch\/wp-content\/uploads\/2026\/05\/Screenshot_20260503_143830_Instagram-300x279.jpg 300w, https:\/\/www.koreanskin.ch\/wp-content\/uploads\/2026\/05\/Screenshot_20260503_143830_Instagram-1024x952.jpg 1024w, https:\/\/www.koreanskin.ch\/wp-content\/uploads\/2026\/05\/Screenshot_20260503_143830_Instagram-768x714.jpg 768w, https:\/\/www.koreanskin.ch\/wp-content\/uploads\/2026\/05\/Screenshot_20260503_143830_Instagram.jpg 1078w\" sizes=\"auto, (max-width: 300px) 100vw, 300px\" \/><figcaption id=\"caption-attachment-30889\" class=\"wp-caption-text\">with Sylvie Tellier, former Miss France<\/figcaption><\/figure>\n<\/div>\n\t\t<\/div><\/div><\/div><\/div>","protected":false},"excerpt":{"rendered":"<p>&nbsp; Dr. Lucas, n\u00e9 \u00e0 S\u00e9oul, la capitale mondiale de la chirurgie esth\u00e9tique, de nationalit\u00e9 Suisse,\u00a0 est principalement form\u00e9 \u00e0 l\u2019 H\u00f4pital Universitaire de Lausanne (CHUV). En tant qu&rsquo;ancien chef de clinique, le Dr Lucas est titulaire d&rsquo;une double certification du FMH en chirurgie reconstructive et esth\u00e9tique et de l&rsquo;EBOPRAS dans les m\u00eames disciplines. Sa [&hellip;]<\/p>\n","protected":false},"author":1,"featured_media":29083,"parent":0,"menu_order":0,"comment_status":"closed","ping_status":"closed","template":"","meta":{"_acf_changed":false,"footnotes":""},"class_list":["post-29085","page","type-page","status-publish","has-post-thumbnail","hentry"],"acf":[],"_links":{"self":[{"href":"https:\/\/www.koreanskin.ch\/fr\/wp-json\/wp\/v2\/pages\/29085","targetHints":{"allow":["GET"]}}],"collection":[{"href":"https:\/\/www.koreanskin.ch\/fr\/wp-json\/wp\/v2\/pages"}],"about":[{"href":"https:\/\/www.koreanskin.ch\/fr\/wp-json\/wp\/v2\/types\/page"}],"author":[{"embeddable":true,"href":"https:\/\/www.koreanskin.ch\/fr\/wp-json\/wp\/v2\/users\/1"}],"replies":[{"embeddable":true,"href":"https:\/\/www.koreanskin.ch\/fr\/wp-json\/wp\/v2\/comments?post=29085"}],"version-history":[{"count":28,"href":"https:\/\/www.koreanskin.ch\/fr\/wp-json\/wp\/v2\/pages\/29085\/revisions"}],"predecessor-version":[{"id":30901,"href":"https:\/\/www.koreanskin.ch\/fr\/wp-json\/wp\/v2\/pages\/29085\/revisions\/30901"}],"wp:featuredmedia":[{"embeddable":true,"href":"https:\/\/www.koreanskin.ch\/fr\/wp-json\/wp\/v2\/media\/29083"}],"wp:attachment":[{"href":"https:\/\/www.koreanskin.ch\/fr\/wp-json\/wp\/v2\/media?parent=29085"}],"curies":[{"name":"wp","href":"https:\/\/api.w.org\/{rel}","templated":true}]}}